{"id":762,"date":"2025-03-23T19:15:21","date_gmt":"2025-03-23T18:15:21","guid":{"rendered":"https:\/\/obujeniokusi.com\/?page_id=762"},"modified":"2026-03-29T07:55:21","modified_gmt":"2026-03-29T05:55:21","slug":"prihajajoci-dogodki","status":"publish","type":"page","link":"https:\/\/obujeniokusi.com\/en\/prihajajoci-dogodki\/","title":{"rendered":"UPCOMING EVENTS"},"content":{"rendered":"<p>[et_pb_section fb_built=&#8221;1&#8243; fullwidth=&#8221;on&#8221; admin_label=&#8221;Call to Action&#8221; _builder_version=&#8221;4.16&#8243; animation_style=&#8221;slide&#8221; animation_direction=&#8221;bottom&#8221; animation_intensity_slide=&#8221;6%&#8221; animation_starting_opacity=&#8221;100%&#8221; locked=&#8221;off&#8221; global_colors_info=&#8221;{}&#8221;][et_pb_fullwidth_header title=&#8221;PRIHAJAJO\u010cI DOGODKI&#8221; content_max_width=&#8221;800px&#8221; disabled_on=&#8221;on|off|off&#8221; _builder_version=&#8221;4.27.4&#8243; title_level=&#8221;h2&#8243; title_font=&#8221;Georgia||||||||&#8221; title_font_size=&#8221;60px&#8221; title_line_height=&#8221;1.2em&#8221; content_font=&#8221;||||||||&#8221; content_font_size=&#8221;20px&#8221; content_line_height=&#8221;1.8em&#8221; background_color=&#8221;rgba(98,193,117,0.75)&#8221; use_background_color_gradient=&#8221;on&#8221; background_color_gradient_direction=&#8221;90deg&#8221; background_color_gradient_stops=&#8221;rgba(0,0,0,0.75) 0%|rgba(0,0,0,0) 100%&#8221; background_color_gradient_overlays_image=&#8221;on&#8221; background_color_gradient_start=&#8221;rgba(0,0,0,0.75)&#8221; background_color_gradient_end=&#8221;rgba(0,0,0,0)&#8221; background_image=&#8221;https:\/\/obujeniokusi.com\/wp-content\/uploads\/2025\/02\/20240928_130332-scaled.jpg&#8221; background_size=&#8221;custom&#8221; background_position=&#8221;top_right&#8221; background_vertical_offset=&#8221;37%&#8221; custom_button_one=&#8221;on&#8221; button_one_text_size=&#8221;18px&#8221; button_one_bg_color=&#8221;#02d002&#8243; button_one_border_width=&#8221;8px&#8221; button_one_border_color=&#8221;#02d002&#8243; button_one_border_radius=&#8221;0px&#8221; button_one_letter_spacing=&#8221;1px&#8221; button_one_font=&#8221;Lato|700|||||||&#8221; button_one_use_icon=&#8221;off&#8221; custom_button_two=&#8221;on&#8221; button_two_text_size=&#8221;18px&#8221; button_two_text_color=&#8221;#353740&#8243; button_two_bg_color=&#8221;#ffffff&#8221; button_two_border_width=&#8221;8px&#8221; button_two_border_color=&#8221;#ffffff&#8221; button_two_border_radius=&#8221;0px&#8221; button_two_letter_spacing=&#8221;1px&#8221; button_two_font=&#8221;Lato|700|||||||&#8221; button_two_use_icon=&#8221;off&#8221; custom_margin=&#8221;|||&#8221; custom_padding=&#8221;8%||8%|&#8221; button_one_letter_spacing_hover=&#8221;1px&#8221; button_two_letter_spacing_hover=&#8221;1px&#8221; global_colors_info=&#8221;{}&#8221; button_one_text_size__hover_enabled=&#8221;off&#8221; button_two_text_size__hover_enabled=&#8221;off&#8221; button_one_text_color__hover_enabled=&#8221;off&#8221; button_two_text_color__hover_enabled=&#8221;off&#8221; button_one_border_width__hover_enabled=&#8221;off&#8221; button_two_border_width__hover_enabled=&#8221;off&#8221; button_one_border_color__hover_enabled=&#8221;off&#8221; button_two_border_color__hover_enabled=&#8221;off&#8221; button_one_border_radius__hover_enabled=&#8221;off&#8221; button_two_border_radius__hover_enabled=&#8221;off&#8221; button_one_letter_spacing__hover_enabled=&#8221;on&#8221; button_one_letter_spacing__hover=&#8221;1px&#8221; button_two_letter_spacing__hover_enabled=&#8221;on&#8221; button_two_letter_spacing__hover=&#8221;1px&#8221; button_one_bg_color__hover_enabled=&#8221;off&#8221; button_two_bg_color__hover_enabled=&#8221;off&#8221;][\/et_pb_fullwidth_header][et_pb_fullwidth_header title=&#8221;PRIHAJAJO\u010cI DOGODKI&#8221; content_max_width=&#8221;800px&#8221; disabled_on=&#8221;off|on|on&#8221; _builder_version=&#8221;4.27.4&#8243; title_level=&#8221;h2&#8243; title_font=&#8221;Georgia||||||||&#8221; title_font_size=&#8221;49px&#8221; title_line_height=&#8221;1.2em&#8221; content_font=&#8221;||||||||&#8221; content_font_size=&#8221;20px&#8221; content_line_height=&#8221;1.8em&#8221; background_color=&#8221;rgba(98,193,117,0.75)&#8221; use_background_color_gradient=&#8221;on&#8221; background_color_gradient_direction=&#8221;90deg&#8221; background_color_gradient_stops=&#8221;rgba(0,0,0,0.75) 0%|rgba(0,0,0,0) 100%&#8221; background_color_gradient_overlays_image=&#8221;on&#8221; background_color_gradient_start=&#8221;rgba(0,0,0,0.75)&#8221; background_color_gradient_end=&#8221;rgba(0,0,0,0)&#8221; background_image=&#8221;https:\/\/obujeniokusi.com\/wp-content\/uploads\/2025\/02\/20240928_130332-scaled.jpg&#8221; background_size=&#8221;custom&#8221; background_position=&#8221;top_right&#8221; background_vertical_offset=&#8221;37%&#8221; custom_button_one=&#8221;on&#8221; button_one_text_size=&#8221;18px&#8221; button_one_bg_color=&#8221;#02d002&#8243; button_one_border_width=&#8221;8px&#8221; button_one_border_color=&#8221;#02d002&#8243; button_one_border_radius=&#8221;0px&#8221; button_one_letter_spacing=&#8221;1px&#8221; button_one_font=&#8221;Lato|700|||||||&#8221; button_one_use_icon=&#8221;off&#8221; custom_button_two=&#8221;on&#8221; button_two_text_size=&#8221;18px&#8221; button_two_text_color=&#8221;#353740&#8243; button_two_bg_color=&#8221;#ffffff&#8221; button_two_border_width=&#8221;8px&#8221; button_two_border_color=&#8221;#ffffff&#8221; button_two_border_radius=&#8221;0px&#8221; button_two_letter_spacing=&#8221;1px&#8221; button_two_font=&#8221;Lato|700|||||||&#8221; button_two_use_icon=&#8221;off&#8221; custom_margin=&#8221;|||&#8221; custom_padding=&#8221;8%||8%|&#8221; button_one_letter_spacing_hover=&#8221;1px&#8221; button_two_letter_spacing_hover=&#8221;1px&#8221; global_colors_info=&#8221;{}&#8221; button_one_text_size__hover_enabled=&#8221;off&#8221; button_two_text_size__hover_enabled=&#8221;off&#8221; button_one_text_color__hover_enabled=&#8221;off&#8221; button_two_text_color__hover_enabled=&#8221;off&#8221; button_one_border_width__hover_enabled=&#8221;off&#8221; button_two_border_width__hover_enabled=&#8221;off&#8221; button_one_border_color__hover_enabled=&#8221;off&#8221; button_two_border_color__hover_enabled=&#8221;off&#8221; button_one_border_radius__hover_enabled=&#8221;off&#8221; button_two_border_radius__hover_enabled=&#8221;off&#8221; button_one_letter_spacing__hover_enabled=&#8221;on&#8221; button_one_letter_spacing__hover=&#8221;1px&#8221; button_two_letter_spacing__hover_enabled=&#8221;on&#8221; button_two_letter_spacing__hover=&#8221;1px&#8221; button_one_bg_color__hover_enabled=&#8221;off&#8221; button_two_bg_color__hover_enabled=&#8221;off&#8221;][\/et_pb_fullwidth_header][\/et_pb_section][et_pb_section fb_built=&#8221;1&#8243; admin_label=&#8221;Event Section&#8221; _builder_version=&#8221;4.27.4&#8243; background_color=&#8221;rgba(0,183,67,0)&#8221; custom_padding=&#8221;100px||100px|&#8221; animation_style=&#8221;zoom&#8221; animation_intensity_zoom=&#8221;6%&#8221; animation_starting_opacity=&#8221;100%&#8221; global_colors_info=&#8221;{}&#8221;][et_pb_row column_structure=&#8221;1_4,1_4,1_4,1_4&#8243; use_custom_gutter=&#8221;on&#8221; gutter_width=&#8221;2&#8243; admin_label=&#8221;Event Info Area&#8221; _builder_version=&#8221;4.16&#8243; max_width=&#8221;1280px&#8221; custom_padding=&#8221;40px|0px|40px|0px&#8221; use_custom_width=&#8221;on&#8221; custom_width_px=&#8221;1280px&#8221; global_colors_info=&#8221;{}&#8221;][et_pb_column type=&#8221;1_4&#8243; _builder_version=&#8221;4.16&#8243; custom_padding=&#8221;|||&#8221; global_colors_info=&#8221;{}&#8221; custom_padding__hover=&#8221;|||&#8221;][et_pb_image src=&#8221;https:\/\/obujeniokusi.com\/wp-content\/uploads\/2025\/10\/InShot_20250921_095616858-scaled.jpg&#8221; title_text=&#8221;InShot_20250921_095616858&#8243; _builder_version=&#8221;4.27.4&#8243; _module_preset=&#8221;default&#8221; global_colors_info=&#8221;{}&#8221;][\/et_pb_image][\/et_pb_column][et_pb_column type=&#8221;1_4&#8243; _builder_version=&#8221;4.16&#8243; custom_padding=&#8221;|||&#8221; global_colors_info=&#8221;{}&#8221; custom_padding__hover=&#8221;|||&#8221;][et_pb_text admin_label=&#8221;Date&#8221; _builder_version=&#8221;4.27.4&#8243; text_font=&#8221;Georgia|700||on|||||&#8221; text_text_color=&#8221;#8b96a1&#8243; text_letter_spacing=&#8221;1px&#8221; header_font=&#8221;Georgia||||||||&#8221; min_height=&#8221;10.8px&#8221; custom_margin=&#8221;||10px|&#8221; animation_direction=&#8221;left&#8221; global_colors_info=&#8221;{}&#8221;]<\/p>\n<p>12. APRIL 2026<\/p>\n<p>[\/et_pb_text][et_pb_text admin_label=&#8221;Title&#8221; _builder_version=&#8221;4.27.4&#8243; text_font=&#8221;||||||||&#8221; header_font=&#8221;Georgia|600|||||||&#8221; header_font_size=&#8221;19px&#8221; header_line_height=&#8221;1.2em&#8221; header_3_font=&#8221;Lato||||||||&#8221; header_3_line_height=&#8221;1.4em&#8221; custom_margin=&#8221;||10px|&#8221; custom_padding=&#8221;|||&#8221; animation_direction=&#8221;left&#8221; inline_fonts=&#8221;Georgia&#8221; global_colors_info=&#8221;{}&#8221;]<\/p>\n<h3 class=\"card-title\"><span style=\"font-family: Georgia;\"><strong>DELAVNICA:<\/strong><\/span><br \/><span style=\"font-family: Georgia;\"><strong>KULINARIKA ANTI\u010cNEGA RIMA:\u00a0<\/strong><\/span><\/h3>\n<p>[\/et_pb_text][et_pb_text _builder_version=&#8221;4.27.4&#8243; text_font=&#8221;||||||||&#8221; text_text_color=&#8221;#000000&#8243; text_font_size=&#8221;16px&#8221; text_line_height=&#8221;1.8em&#8221; width=&#8221;99.9%&#8221; custom_margin=&#8221;||10px|&#8221; custom_padding=&#8221;||21px|||&#8221; animation_direction=&#8221;left&#8221; hover_enabled=&#8221;0&#8243; inline_fonts=&#8221;Georgia,Arial&#8221; global_colors_info=&#8221;{}&#8221; sticky_enabled=&#8221;0&#8243;]<\/p>\n<p>Bi radi izkusili, kako je iz kuhinj di\u0161alo pred skoraj 2000 leti? Na posebni kuharski delavnici bomo skupaj poustvarjali in preizku\u0161ali okuse Starega Rima.<\/p>\n<p>Skozi jedi in kuhanje bomo vstopili v zanimiv in pester svet, oddaljen ve\u010d tiso\u010dletij. Pripravili bomo razli\u010dne sladke in slane jedi s kombiniranimi okusi.<\/p>\n<p>Stari Rimljani niso skoparili z za\u010dimbami in tudi mi ne bomo. Vse skupaj bomo poplaknili z dobrim kozar\u010dkom. Pridobljeno znanje boste lahko uporabili tudi doma in za svoje drage pripravili nekoliko druga\u010dno pogostitev. Domov boste poleg novega znanja odnesli \u0161e darilce in knji\u017eico receptov.<\/p>\n<p>Just a few of the dishes we will prepare together: savillum, epytirum, dulcia domestica, mulsum, and many more.<\/p>\n<p>You are invited to join us in preparing a feast worthy of the Roman emperor and god Saturn.<\/p>\n<p>Cena: 96 \u20ac\/osebo<\/p>\n<p>\u010ce pripeljete \u0161e koga, 87 \u20ac\/osebo<\/p>\n<p>Za\u010dnemo ob 10. uri in se dru\u017eimo do 15. ure v studiu Fr\u017eek.<\/p>\n<p>[\/et_pb_text][\/et_pb_column][et_pb_column type=&#8221;1_4&#8243; _builder_version=&#8221;4.16&#8243; custom_padding=&#8221;|||&#8221; global_colors_info=&#8221;{}&#8221; custom_padding__hover=&#8221;|||&#8221;][\/et_pb_column][et_pb_column type=&#8221;1_4&#8243; _builder_version=&#8221;4.27.4&#8243; _module_preset=&#8221;default&#8221; global_colors_info=&#8221;{}&#8221;][\/et_pb_column][\/et_pb_row][\/et_pb_section][et_pb_section fb_built=&#8221;1&#8243; fullwidth=&#8221;on&#8221; admin_label=&#8221;Call to Action&#8221; _builder_version=&#8221;4.16&#8243; animation_style=&#8221;slide&#8221; animation_direction=&#8221;bottom&#8221; animation_intensity_slide=&#8221;6%&#8221; animation_starting_opacity=&#8221;100%&#8221; locked=&#8221;off&#8221; global_colors_info=&#8221;{}&#8221;][et_pb_fullwidth_header title=&#8221;               Prijavi se \u017ee danes!&#8221; button_one_text=&#8221;KONTAKT&#8221; button_one_url=&#8221;https:\/\/obujeniokusi.com\/kontakt\/&#8221; content_max_width=&#8221;800px&#8221; _builder_version=&#8221;4.27.4&#8243; title_level=&#8221;h2&#8243; title_font=&#8221;Georgia||||||||&#8221; title_font_size=&#8221;60px&#8221; title_line_height=&#8221;1.2em&#8221; content_font=&#8221;Georgia||||||||&#8221; content_font_size=&#8221;20px&#8221; content_line_height=&#8221;1.8em&#8221; subhead_font=&#8221;Georgia||||||||&#8221; background_color=&#8221;rgba(114,17,2,0.56)&#8221; use_background_color_gradient=&#8221;on&#8221; background_color_gradient_direction=&#8221;90deg&#8221; background_color_gradient_stops=&#8221;rgba(0,0,0,0.75) 0%|rgba(0,0,0,0) 100%&#8221; background_color_gradient_overlays_image=&#8221;on&#8221; background_color_gradient_start=&#8221;rgba(0,0,0,0.75)&#8221; background_color_gradient_end=&#8221;rgba(0,0,0,0)&#8221; background_image=&#8221;https:\/\/obujeniokusi.com\/wp-content\/uploads\/2025\/02\/DSC00908-scaled.jpg&#8221; background_size=&#8221;contain&#8221; background_position=&#8221;bottom_left&#8221; background_horizontal_offset=&#8221;0%&#8221; custom_button_two=&#8221;on&#8221; button_two_text_size=&#8221;18px&#8221; button_two_text_color=&#8221;#353740&#8243; button_two_bg_color=&#8221;#ffffff&#8221; button_two_border_width=&#8221;8px&#8221; button_two_border_color=&#8221;#ffffff&#8221; button_two_border_radius=&#8221;0px&#8221; button_two_letter_spacing=&#8221;1px&#8221; button_two_font=&#8221;Lato|700|||||||&#8221; button_two_use_icon=&#8221;off&#8221; custom_margin=&#8221;|||&#8221; custom_padding=&#8221;8%||8%|&#8221; box_shadow_style=&#8221;preset6&#8243; box_shadow_horizontal=&#8221;8px&#8221; box_shadow_vertical=&#8221;3px&#8221; button_one_letter_spacing_hover=&#8221;1px&#8221; button_two_letter_spacing_hover=&#8221;1px&#8221; global_colors_info=&#8221;{}&#8221; button_one_text_size__hover_enabled=&#8221;off&#8221; button_two_text_size__hover_enabled=&#8221;off&#8221; button_one_text_color__hover_enabled=&#8221;off&#8221; button_two_text_color__hover_enabled=&#8221;off&#8221; button_one_border_width__hover_enabled=&#8221;off&#8221; button_two_border_width__hover_enabled=&#8221;off&#8221; button_one_border_color__hover_enabled=&#8221;off&#8221; button_two_border_color__hover_enabled=&#8221;off&#8221; button_one_border_radius__hover_enabled=&#8221;off&#8221; button_two_border_radius__hover_enabled=&#8221;off&#8221; button_one_letter_spacing__hover_enabled=&#8221;on&#8221; button_one_letter_spacing__hover=&#8221;1px&#8221; button_two_letter_spacing__hover_enabled=&#8221;on&#8221; button_two_letter_spacing__hover=&#8221;1px&#8221; button_one_bg_color__hover_enabled=&#8221;off&#8221; button_two_bg_color__hover_enabled=&#8221;off&#8221;][\/et_pb_fullwidth_header][\/et_pb_section]<\/p>","protected":false},"excerpt":{"rendered":"<p>12. APRIL 2026DELAVNICA:KULINARIKA ANTI\u010cNEGA RIMA:\u00a0Bi radi izkusili, kako je iz kuhinj di\u0161alo pred skoraj 2000 leti? Na posebni kuharski delavnici bomo skupaj poustvarjali in preizku\u0161ali okuse Starega Rima. Skozi jedi in kuhanje bomo vstopili v zanimiv in pester svet, oddaljen ve\u010d tiso\u010dletij. Pripravili bomo razli\u010dne sladke in slane jedi s kombiniranimi okusi. Stari Rimljani niso [&hellip;]<\/p>","protected":false},"author":2,"featured_media":0,"parent":0,"menu_order":0,"comment_status":"closed","ping_status":"closed","template":"","meta":{"_et_pb_use_builder":"on","_et_pb_old_content":"","_et_gb_content_width":"","footnotes":""},"class_list":["post-762","page","type-page","status-publish","hentry"],"yoast_head":"<!-- This site is optimized with the Yoast SEO plugin v26.2 - https:\/\/yoast.com\/wordpress\/plugins\/seo\/ -->\n<title>PRIHAJAJO\u010cI DOGODKI - Obujeni okusi<\/title>\n<meta name=\"robots\" content=\"index, follow, max-snippet:-1, max-image-preview:large, max-video-preview:-1\" \/>\n<link rel=\"canonical\" href=\"https:\/\/obujeniokusi.com\/en\/prihajajoci-dogodki\/\" \/>\n<meta property=\"og:locale\" content=\"en_GB\" \/>\n<meta property=\"og:type\" content=\"article\" \/>\n<meta property=\"og:title\" content=\"PRIHAJAJO\u010cI DOGODKI - Obujeni okusi\" \/>\n<meta property=\"og:description\" content=\"12. APRIL 2026DELAVNICA:KULINARIKA ANTI\u010cNEGA RIMA:\u00a0Bi radi izkusili, kako je iz kuhinj di\u0161alo pred skoraj 2000 leti? Na posebni kuharski delavnici bomo skupaj poustvarjali in preizku\u0161ali okuse Starega Rima. Skozi jedi in kuhanje bomo vstopili v zanimiv in pester svet, oddaljen ve\u010d tiso\u010dletij. Pripravili bomo razli\u010dne sladke in slane jedi s kombiniranimi okusi. Stari Rimljani niso [&hellip;]\" \/>\n<meta property=\"og:url\" content=\"https:\/\/obujeniokusi.com\/en\/prihajajoci-dogodki\/\" \/>\n<meta property=\"og:site_name\" content=\"Obujeni okusi\" \/>\n<meta property=\"article:modified_time\" content=\"2026-03-29T05:55:21+00:00\" \/>\n<meta name=\"twitter:card\" content=\"summary_large_image\" \/>\n<script type=\"application\/ld+json\" class=\"yoast-schema-graph\">{\"@context\":\"https:\/\/schema.org\",\"@graph\":[{\"@type\":\"WebPage\",\"@id\":\"https:\/\/obujeniokusi.com\/prihajajoci-dogodki\/\",\"url\":\"https:\/\/obujeniokusi.com\/prihajajoci-dogodki\/\",\"name\":\"PRIHAJAJO\u010cI DOGODKI - Obujeni okusi\",\"isPartOf\":{\"@id\":\"https:\/\/obujeniokusi.com\/#website\"},\"datePublished\":\"2025-03-23T18:15:21+00:00\",\"dateModified\":\"2026-03-29T05:55:21+00:00\",\"breadcrumb\":{\"@id\":\"https:\/\/obujeniokusi.com\/prihajajoci-dogodki\/#breadcrumb\"},\"inLanguage\":\"en-GB\",\"potentialAction\":[{\"@type\":\"ReadAction\",\"target\":[\"https:\/\/obujeniokusi.com\/prihajajoci-dogodki\/\"]}]},{\"@type\":\"BreadcrumbList\",\"@id\":\"https:\/\/obujeniokusi.com\/prihajajoci-dogodki\/#breadcrumb\",\"itemListElement\":[{\"@type\":\"ListItem\",\"position\":1,\"name\":\"Home\",\"item\":\"https:\/\/obujeniokusi.com\/\"},{\"@type\":\"ListItem\",\"position\":2,\"name\":\"PRIHAJAJO\u010cI DOGODKI\"}]},{\"@type\":\"WebSite\",\"@id\":\"https:\/\/obujeniokusi.com\/#website\",\"url\":\"https:\/\/obujeniokusi.com\/\",\"name\":\"Obujeni okusi\",\"description\":\"\",\"potentialAction\":[{\"@type\":\"SearchAction\",\"target\":{\"@type\":\"EntryPoint\",\"urlTemplate\":\"https:\/\/obujeniokusi.com\/?s={search_term_string}\"},\"query-input\":{\"@type\":\"PropertyValueSpecification\",\"valueRequired\":true,\"valueName\":\"search_term_string\"}}],\"inLanguage\":\"en-GB\"}]}<\/script>\n<!-- \/ Yoast SEO plugin. -->","yoast_head_json":{"title":"PRIHAJAJO\u010cI DOGODKI - Obujeni okusi","robots":{"index":"index","follow":"follow","max-snippet":"max-snippet:-1","max-image-preview":"max-image-preview:large","max-video-preview":"max-video-preview:-1"},"canonical":"https:\/\/obujeniokusi.com\/en\/prihajajoci-dogodki\/","og_locale":"en_GB","og_type":"article","og_title":"PRIHAJAJO\u010cI DOGODKI - Obujeni okusi","og_description":"12. APRIL 2026DELAVNICA:KULINARIKA ANTI\u010cNEGA RIMA:\u00a0Bi radi izkusili, kako je iz kuhinj di\u0161alo pred skoraj 2000 leti? Na posebni kuharski delavnici bomo skupaj poustvarjali in preizku\u0161ali okuse Starega Rima. Skozi jedi in kuhanje bomo vstopili v zanimiv in pester svet, oddaljen ve\u010d tiso\u010dletij. Pripravili bomo razli\u010dne sladke in slane jedi s kombiniranimi okusi. Stari Rimljani niso [&hellip;]","og_url":"https:\/\/obujeniokusi.com\/en\/prihajajoci-dogodki\/","og_site_name":"Obujeni okusi","article_modified_time":"2026-03-29T05:55:21+00:00","twitter_card":"summary_large_image","schema":{"@context":"https:\/\/schema.org","@graph":[{"@type":"WebPage","@id":"https:\/\/obujeniokusi.com\/prihajajoci-dogodki\/","url":"https:\/\/obujeniokusi.com\/prihajajoci-dogodki\/","name":"PRIHAJAJO\u010cI DOGODKI - Obujeni okusi","isPartOf":{"@id":"https:\/\/obujeniokusi.com\/#website"},"datePublished":"2025-03-23T18:15:21+00:00","dateModified":"2026-03-29T05:55:21+00:00","breadcrumb":{"@id":"https:\/\/obujeniokusi.com\/prihajajoci-dogodki\/#breadcrumb"},"inLanguage":"en-GB","potentialAction":[{"@type":"ReadAction","target":["https:\/\/obujeniokusi.com\/prihajajoci-dogodki\/"]}]},{"@type":"BreadcrumbList","@id":"https:\/\/obujeniokusi.com\/prihajajoci-dogodki\/#breadcrumb","itemListElement":[{"@type":"ListItem","position":1,"name":"Home","item":"https:\/\/obujeniokusi.com\/"},{"@type":"ListItem","position":2,"name":"PRIHAJAJO\u010cI DOGODKI"}]},{"@type":"WebSite","@id":"https:\/\/obujeniokusi.com\/#website","url":"https:\/\/obujeniokusi.com\/","name":"Obujeni okusi","description":"","potentialAction":[{"@type":"SearchAction","target":{"@type":"EntryPoint","urlTemplate":"https:\/\/obujeniokusi.com\/?s={search_term_string}"},"query-input":{"@type":"PropertyValueSpecification","valueRequired":true,"valueName":"search_term_string"}}],"inLanguage":"en-GB"}]}},"_links":{"self":[{"href":"https:\/\/obujeniokusi.com\/en\/wp-json\/wp\/v2\/pages\/762","targetHints":{"allow":["GET"]}}],"collection":[{"href":"https:\/\/obujeniokusi.com\/en\/wp-json\/wp\/v2\/pages"}],"about":[{"href":"https:\/\/obujeniokusi.com\/en\/wp-json\/wp\/v2\/types\/page"}],"author":[{"embeddable":true,"href":"https:\/\/obujeniokusi.com\/en\/wp-json\/wp\/v2\/users\/2"}],"replies":[{"embeddable":true,"href":"https:\/\/obujeniokusi.com\/en\/wp-json\/wp\/v2\/comments?post=762"}],"version-history":[{"count":33,"href":"https:\/\/obujeniokusi.com\/en\/wp-json\/wp\/v2\/pages\/762\/revisions"}],"predecessor-version":[{"id":1368,"href":"https:\/\/obujeniokusi.com\/en\/wp-json\/wp\/v2\/pages\/762\/revisions\/1368"}],"wp:attachment":[{"href":"https:\/\/obujeniokusi.com\/en\/wp-json\/wp\/v2\/media?parent=762"}],"curies":[{"name":"wp","href":"https:\/\/api.w.org\/{rel}","templated":true}]}}