{"id":761,"date":"2025-03-23T19:51:32","date_gmt":"2025-03-23T18:51:32","guid":{"rendered":"https:\/\/obujeniokusi.com\/?page_id=761"},"modified":"2025-09-28T17:20:45","modified_gmt":"2025-09-28T15:20:45","slug":"predavanja","status":"publish","type":"page","link":"https:\/\/obujeniokusi.com\/en\/predavanja\/","title":{"rendered":"PREDAVANJA"},"content":{"rendered":"<p>[et_pb_section fb_built=&#8221;1&#8243; fullwidth=&#8221;on&#8221; _builder_version=&#8221;4.27.4&#8243; background_image=&#8221;https:\/\/obujeniokusi.com\/wp-content\/uploads\/2025\/02\/FB_IMG_1739910703357.jpg&#8221; animation_style=&#8221;slide&#8221; animation_direction=&#8221;top&#8221; animation_intensity_slide=&#8221;2%&#8221; animation_starting_opacity=&#8221;100%&#8221; global_colors_info=&#8221;{}&#8221;][et_pb_fullwidth_header title=&#8221;PREDAVANJA O ZGODOVINI PREHRANE&#8221; content_max_width=&#8221;800px&#8221; disabled_on=&#8221;on|off|off&#8221; _builder_version=&#8221;4.27.4&#8243; title_level=&#8221;h2&#8243; title_font=&#8221;Georgia||||||||&#8221; title_font_size=&#8221;60px&#8221; title_line_height=&#8221;1.2em&#8221; content_font=&#8221;||||||||&#8221; content_font_size=&#8221;20px&#8221; content_line_height=&#8221;1.8em&#8221; background_color=&#8221;rgba(255, 255, 255, 0)&#8221; use_background_color_gradient=&#8221;on&#8221; background_color_gradient_direction=&#8221;90deg&#8221; background_color_gradient_stops=&#8221;rgba(0,0,0,0.75) 0%|rgba(0,0,0,0) 100%&#8221; background_color_gradient_overlays_image=&#8221;on&#8221; background_color_gradient_start=&#8221;rgba(0,0,0,0.75)&#8221; background_color_gradient_end=&#8221;rgba(0,0,0,0)&#8221; background_image=&#8221;https:\/\/obujeniokusi.com\/wp-content\/uploads\/2025\/02\/FB_IMG_1739910703357.jpg&#8221; custom_button_one=&#8221;on&#8221; button_one_text_size=&#8221;18px&#8221; button_one_bg_color=&#8221;#02d002&#8243; button_one_border_width=&#8221;8px&#8221; button_one_border_color=&#8221;#02d002&#8243; button_one_border_radius=&#8221;0px&#8221; button_one_letter_spacing=&#8221;1px&#8221; button_one_font=&#8221;|700|||||||&#8221; button_one_use_icon=&#8221;off&#8221; custom_margin=&#8221;|||&#8221; custom_padding=&#8221;8%||7.8%|||&#8221; button_one_letter_spacing_hover=&#8221;1px&#8221; button_two_letter_spacing_hover=&#8221;1px&#8221; locked=&#8221;off&#8221; global_colors_info=&#8221;{}&#8221; button_one_text_size__hover_enabled=&#8221;off&#8221; button_two_text_size__hover_enabled=&#8221;off&#8221; button_one_text_color__hover_enabled=&#8221;off&#8221; button_two_text_color__hover_enabled=&#8221;off&#8221; button_one_border_width__hover_enabled=&#8221;off&#8221; button_two_border_width__hover_enabled=&#8221;off&#8221; button_one_border_color__hover_enabled=&#8221;off&#8221; button_two_border_color__hover_enabled=&#8221;off&#8221; button_one_border_radius__hover_enabled=&#8221;off&#8221; button_two_border_radius__hover_enabled=&#8221;off&#8221; button_one_letter_spacing__hover_enabled=&#8221;on&#8221; button_one_letter_spacing__hover=&#8221;1px&#8221; button_two_letter_spacing__hover_enabled=&#8221;on&#8221; button_two_letter_spacing__hover=&#8221;1px&#8221; button_one_bg_color__hover_enabled=&#8221;off&#8221; button_two_bg_color__hover_enabled=&#8221;off&#8221;][\/et_pb_fullwidth_header][et_pb_fullwidth_header title=&#8221;PREDAVANJA O ZGODOVINI PREHRANE&#8221; content_max_width=&#8221;800px&#8221; disabled_on=&#8221;off|on|on&#8221; _builder_version=&#8221;4.27.4&#8243; title_level=&#8221;h2&#8243; title_font=&#8221;Georgia||||||||&#8221; title_font_size=&#8221;43px&#8221; title_line_height=&#8221;1.2em&#8221; content_font=&#8221;||||||||&#8221; content_font_size=&#8221;20px&#8221; content_line_height=&#8221;1.8em&#8221; background_color=&#8221;rgba(255, 255, 255, 0)&#8221; use_background_color_gradient=&#8221;on&#8221; background_color_gradient_direction=&#8221;90deg&#8221; background_color_gradient_stops=&#8221;rgba(0,0,0,0.75) 0%|rgba(0,0,0,0) 100%&#8221; background_color_gradient_overlays_image=&#8221;on&#8221; background_color_gradient_start=&#8221;rgba(0,0,0,0.75)&#8221; background_color_gradient_end=&#8221;rgba(0,0,0,0)&#8221; background_image=&#8221;https:\/\/obujeniokusi.com\/wp-content\/uploads\/2025\/02\/FB_IMG_1739910703357.jpg&#8221; custom_button_one=&#8221;on&#8221; button_one_text_size=&#8221;18px&#8221; button_one_bg_color=&#8221;#02d002&#8243; button_one_border_width=&#8221;8px&#8221; button_one_border_color=&#8221;#02d002&#8243; button_one_border_radius=&#8221;0px&#8221; button_one_letter_spacing=&#8221;1px&#8221; button_one_font=&#8221;|700|||||||&#8221; button_one_use_icon=&#8221;off&#8221; custom_margin=&#8221;|||&#8221; custom_padding=&#8221;8%||7.8%|||&#8221; button_one_letter_spacing_hover=&#8221;1px&#8221; button_two_letter_spacing_hover=&#8221;1px&#8221; locked=&#8221;off&#8221; global_colors_info=&#8221;{}&#8221; button_one_text_size__hover_enabled=&#8221;off&#8221; button_two_text_size__hover_enabled=&#8221;off&#8221; button_one_text_color__hover_enabled=&#8221;off&#8221; button_two_text_color__hover_enabled=&#8221;off&#8221; button_one_border_width__hover_enabled=&#8221;off&#8221; button_two_border_width__hover_enabled=&#8221;off&#8221; button_one_border_color__hover_enabled=&#8221;off&#8221; button_two_border_color__hover_enabled=&#8221;off&#8221; button_one_border_radius__hover_enabled=&#8221;off&#8221; button_two_border_radius__hover_enabled=&#8221;off&#8221; button_one_letter_spacing__hover_enabled=&#8221;on&#8221; button_one_letter_spacing__hover=&#8221;1px&#8221; button_two_letter_spacing__hover_enabled=&#8221;on&#8221; button_two_letter_spacing__hover=&#8221;1px&#8221; button_one_bg_color__hover_enabled=&#8221;off&#8221; button_two_bg_color__hover_enabled=&#8221;off&#8221;][\/et_pb_fullwidth_header][\/et_pb_section][et_pb_section fb_built=&#8221;1&#8243; admin_label=&#8221;Information Section&#8221; _builder_version=&#8221;4.27.4&#8243; background_color=&#8221;rgba(185,188,0,0.58)&#8221; custom_padding=&#8221;101px||100px|||&#8221; global_colors_info=&#8221;{}&#8221;][et_pb_row admin_label=&#8221;Information Area&#8221; _builder_version=&#8221;4.27.4&#8243; max_width=&#8221;650px&#8221; custom_margin=&#8221;|||&#8221; use_custom_width=&#8221;on&#8221; custom_width_px=&#8221;650px&#8221; global_colors_info=&#8221;{}&#8221;][et_pb_column type=&#8221;4_4&#8243; _builder_version=&#8221;4.16&#8243; custom_padding=&#8221;|||&#8221; global_colors_info=&#8221;{}&#8221; custom_padding__hover=&#8221;|||&#8221;][et_pb_text admin_label=&#8221;Title&#8221; _builder_version=&#8221;4.27.4&#8243; text_font=&#8221;||||||||&#8221; text_font_size=&#8221;11px&#8221; header_font=&#8221;Georgia||||||||&#8221; header_font_size=&#8221;32px&#8221; header_line_height=&#8221;1.3em&#8221; header_2_font=&#8221;Lato||||||||&#8221; header_2_font_size=&#8221;36px&#8221; header_2_line_height=&#8221;1.5em&#8221; module_alignment=&#8221;center&#8221; custom_margin=&#8221;||15px|&#8221; custom_padding=&#8221;|||&#8221; animation_direction=&#8221;left&#8221; global_colors_info=&#8221;{}&#8221;]<\/p>\n<h1>LECTURES, PRESENTATIONS, AND ARTICLES<\/h1>\n<p>[\/et_pb_text][et_pb_text _builder_version=&#8221;4.27.4&#8243; text_font=&#8221;Georgia||||||||&#8221; text_text_color=&#8221;#000000&#8243; text_font_size=&#8221;19px&#8221; text_line_height=&#8221;1.8em&#8221; header_font=&#8221;Georgia||||||||&#8221; header_2_font=&#8221;Lato||||||||&#8221; header_2_font_size=&#8221;36px&#8221; header_2_line_height=&#8221;1.5em&#8221; module_alignment=&#8221;center&#8221; custom_margin=&#8221;||15px|&#8221; custom_padding=&#8221;|||&#8221; animation_direction=&#8221;left&#8221; global_colors_info=&#8221;{}&#8221;]<\/p>\n<p>We are also happy to prepare lectures on the history of nutrition, our workshops, and similar topics for various institutions. We draw on data dating back to the Neolithic period. We are happy to collaborate with institutions, schools, and other organisations. We are also pleased to prepare written articles on nutrition.<\/p>\n<p>[\/et_pb_text][\/et_pb_column][\/et_pb_row][\/et_pb_section][et_pb_section fb_built=&#8221;1&#8243; custom_padding_last_edited=&#8221;on|phone&#8221; admin_label=&#8221;Quote Text Section&#8221; _builder_version=&#8221;4.27.4&#8243; use_background_color_gradient=&#8221;on&#8221; background_color_gradient_direction=&#8221;90deg&#8221; background_color_gradient_stops=&#8221;#ffffff 50%|rgba(255,255,255,0) 50%&#8221; background_color_gradient_overlays_image=&#8221;on&#8221; background_color_gradient_start=&#8221;#ffffff&#8221; background_color_gradient_start_position=&#8221;50%&#8221; background_color_gradient_end=&#8221;rgba(255,255,255,0)&#8221; background_color_gradient_end_position=&#8221;50%&#8221; background_image=&#8221;https:\/\/obujeniokusi.com\/wp-content\/uploads\/2025\/03\/20240615_182246-scaled.jpg&#8221; background_position=&#8221;bottom_left&#8221; custom_padding=&#8221;10%||10%|&#8221; custom_padding_tablet=&#8221;&#8221; custom_padding_phone=&#8221;&#8221; global_colors_info=&#8221;{}&#8221;][et_pb_row admin_label=&#8221;Quote Text Area&#8221; _builder_version=&#8221;4.16&#8243; custom_padding=&#8221;|||&#8221; global_colors_info=&#8221;{}&#8221;][et_pb_column type=&#8221;4_4&#8243; _builder_version=&#8221;4.16&#8243; custom_padding=&#8221;|||&#8221; global_colors_info=&#8221;{}&#8221; custom_padding__hover=&#8221;|||&#8221;][et_pb_text quote_border_weight=&#8221;10px&#8221; quote_border_color=&#8221;#02d002&#8243; admin_label=&#8221;Quote&#8221; _builder_version=&#8221;4.27.4&#8243; text_font=&#8221;Georgia||on||||||&#8221; text_text_color=&#8221;#000000&#8243; text_font_size=&#8221;32px&#8221; text_line_height=&#8221;1.8em&#8221; quote_font=&#8221;Lato||on||||||&#8221; quote_text_color=&#8221;#333333&#8243; quote_font_size=&#8221;48px&#8221; quote_line_height=&#8221;1.5em&#8221; header_font=&#8221;||||||||&#8221; header_4_font=&#8221;||on||||||&#8221; background_color=&#8221;#ffffff&#8221; module_alignment=&#8221;center&#8221; custom_padding=&#8221;8%|8%|8%|0px&#8221; filter_opacity=&#8221;68%&#8221; animation_style=&#8221;slide&#8221; animation_direction=&#8221;left&#8221; animation_intensity_slide=&#8221;6%&#8221; animation_starting_opacity=&#8221;100%&#8221; quote_font_size_tablet=&#8221;&#8221; quote_font_size_phone=&#8221;36px&#8221; quote_font_size_last_edited=&#8221;on|phone&#8221; global_colors_info=&#8221;{}&#8221;]<\/p>\n<blockquote><\/blockquote>\n<p>We can also just talk about nutrition. It is always a welcome topic, and we can draw on its history for insights into the present.<\/p>\n<blockquote><\/blockquote>\n<p>[\/et_pb_text][\/et_pb_column][\/et_pb_row][\/et_pb_section][et_pb_section fb_built=&#8221;1&#8243; _builder_version=&#8221;4.27.4&#8243; _module_preset=&#8221;default&#8221; background_color=&#8221;rgba(224,153,0,0.26)&#8221; global_colors_info=&#8221;{}&#8221;][et_pb_row _builder_version=&#8221;4.27.4&#8243; _module_preset=&#8221;default&#8221; global_colors_info=&#8221;{}&#8221;][et_pb_column type=&#8221;4_4&#8243; _builder_version=&#8221;4.27.4&#8243; _module_preset=&#8221;default&#8221; global_colors_info=&#8221;{}&#8221;][et_pb_gallery gallery_ids=&#8221;509,352,569&#8243; posts_number=&#8221;3&#8243; orientation=&#8221;portrait&#8221; show_title_and_caption=&#8221;off&#8221; _builder_version=&#8221;4.27.4&#8243; _module_preset=&#8221;default&#8221; global_colors_info=&#8221;{}&#8221;][\/et_pb_gallery][\/et_pb_column][\/et_pb_row][\/et_pb_section][et_pb_section fb_built=&#8221;1&#8243; fullwidth=&#8221;on&#8221; admin_label=&#8221;Call to Action&#8221; _builder_version=&#8221;4.16&#8243; animation_style=&#8221;slide&#8221; animation_direction=&#8221;bottom&#8221; animation_intensity_slide=&#8221;6%&#8221; animation_starting_opacity=&#8221;100%&#8221; locked=&#8221;off&#8221; global_colors_info=&#8221;{}&#8221;][et_pb_fullwidth_header title=&#8221;PI\u0160ITE NAM&#8221; button_one_text=&#8221;KONTAKT&#8221; button_one_url=&#8221;https:\/\/obujeniokusi.com\/kontakt\/&#8221; content_max_width=&#8221;800px&#8221; _builder_version=&#8221;4.27.4&#8243; title_level=&#8221;h2&#8243; title_font=&#8221;Georgia||||||||&#8221; title_font_size=&#8221;60px&#8221; title_line_height=&#8221;1.2em&#8221; content_font=&#8221;||||||||&#8221; content_font_size=&#8221;20px&#8221; content_line_height=&#8221;1.8em&#8221; background_color=&#8221;rgba(255, 255, 255, 0)&#8221; use_background_color_gradient=&#8221;on&#8221; background_color_gradient_direction=&#8221;90deg&#8221; background_color_gradient_stops=&#8221;rgba(0,0,0,0.75) 0%|rgba(0,0,0,0) 100%&#8221; background_color_gradient_overlays_image=&#8221;on&#8221; background_color_gradient_start=&#8221;rgba(0,0,0,0.75)&#8221; background_color_gradient_end=&#8221;rgba(0,0,0,0)&#8221; background_image=&#8221;https:\/\/obujeniokusi.com\/wp-content\/uploads\/2025\/03\/Scan.jpeg&#8221; background_position=&#8221;top_left&#8221; custom_button_two=&#8221;on&#8221; button_two_text_size=&#8221;18px&#8221; button_two_text_color=&#8221;#353740&#8243; button_two_bg_color=&#8221;#ffffff&#8221; button_two_border_width=&#8221;8px&#8221; button_two_border_color=&#8221;#ffffff&#8221; button_two_border_radius=&#8221;0px&#8221; button_two_letter_spacing=&#8221;1px&#8221; button_two_font=&#8221;Lato|700|||||||&#8221; button_two_use_icon=&#8221;off&#8221; custom_margin=&#8221;|||&#8221; custom_padding=&#8221;8%||8%|&#8221; hover_enabled=&#8221;0&#8243; button_one_letter_spacing_hover=&#8221;1px&#8221; button_two_letter_spacing_hover=&#8221;1px&#8221; global_colors_info=&#8221;{}&#8221; button_one_text_size__hover_enabled=&#8221;off&#8221; button_two_text_size__hover_enabled=&#8221;off&#8221; button_one_text_color__hover_enabled=&#8221;off&#8221; button_two_text_color__hover_enabled=&#8221;off&#8221; button_one_border_width__hover_enabled=&#8221;off&#8221; button_two_border_width__hover_enabled=&#8221;off&#8221; button_one_border_color__hover_enabled=&#8221;off&#8221; button_two_border_color__hover_enabled=&#8221;off&#8221; button_one_border_radius__hover_enabled=&#8221;off&#8221; button_two_border_radius__hover_enabled=&#8221;off&#8221; button_one_letter_spacing__hover_enabled=&#8221;on&#8221; button_one_letter_spacing__hover=&#8221;1px&#8221; button_two_letter_spacing__hover_enabled=&#8221;on&#8221; button_two_letter_spacing__hover=&#8221;1px&#8221; button_one_bg_color__hover_enabled=&#8221;off&#8221; button_two_bg_color__hover_enabled=&#8221;off&#8221; sticky_enabled=&#8221;0&#8243;][\/et_pb_fullwidth_header][\/et_pb_section]<\/p>","protected":false},"excerpt":{"rendered":"<p>PREDAVANJA, PREDSTAVITVE IN PRISPEVKIZa razli\u010dne zavode z veseljem pripravimo tudi predavanja na temo zgodovine prehrane, na\u0161ih delavnic in podobno. \u010crpamo iz podatkov \u017ee vse od mlaj\u0161e kamene dobe dalje. Z veseljem se odzovemo na sodelovanja z zavodi, \u0161olami in drugimi institucijami. V zadovoljstvo pa nam je o prehrani pripraviti tudi kak pisni prispevek. O prehrani [&hellip;]<\/p>","protected":false},"author":2,"featured_media":0,"parent":0,"menu_order":0,"comment_status":"closed","ping_status":"closed","template":"","meta":{"_et_pb_use_builder":"on","_et_pb_old_content":"","_et_gb_content_width":"","footnotes":""},"class_list":["post-761","page","type-page","status-publish","hentry"],"yoast_head":"<!-- This site is optimized with the Yoast SEO plugin v26.2 - https:\/\/yoast.com\/wordpress\/plugins\/seo\/ -->\n<title>PREDAVANJA - Obujeni okusi<\/title>\n<meta name=\"robots\" content=\"index, follow, max-snippet:-1, max-image-preview:large, max-video-preview:-1\" \/>\n<link rel=\"canonical\" href=\"https:\/\/obujeniokusi.com\/en\/predavanja\/\" \/>\n<meta property=\"og:locale\" content=\"en_GB\" \/>\n<meta property=\"og:type\" content=\"article\" \/>\n<meta property=\"og:title\" content=\"PREDAVANJA - Obujeni okusi\" \/>\n<meta property=\"og:description\" content=\"PREDAVANJA, PREDSTAVITVE IN PRISPEVKIZa razli\u010dne zavode z veseljem pripravimo tudi predavanja na temo zgodovine prehrane, na\u0161ih delavnic in podobno. \u010crpamo iz podatkov \u017ee vse od mlaj\u0161e kamene dobe dalje. Z veseljem se odzovemo na sodelovanja z zavodi, \u0161olami in drugimi institucijami. V zadovoljstvo pa nam je o prehrani pripraviti tudi kak pisni prispevek. O prehrani [&hellip;]\" \/>\n<meta property=\"og:url\" content=\"https:\/\/obujeniokusi.com\/en\/predavanja\/\" \/>\n<meta property=\"og:site_name\" content=\"Obujeni okusi\" \/>\n<meta property=\"article:modified_time\" content=\"2025-09-28T15:20:45+00:00\" \/>\n<meta name=\"twitter:card\" content=\"summary_large_image\" \/>\n<script type=\"application\/ld+json\" class=\"yoast-schema-graph\">{\"@context\":\"https:\/\/schema.org\",\"@graph\":[{\"@type\":\"WebPage\",\"@id\":\"https:\/\/obujeniokusi.com\/predavanja\/\",\"url\":\"https:\/\/obujeniokusi.com\/predavanja\/\",\"name\":\"PREDAVANJA - Obujeni okusi\",\"isPartOf\":{\"@id\":\"https:\/\/obujeniokusi.com\/#website\"},\"datePublished\":\"2025-03-23T18:51:32+00:00\",\"dateModified\":\"2025-09-28T15:20:45+00:00\",\"breadcrumb\":{\"@id\":\"https:\/\/obujeniokusi.com\/predavanja\/#breadcrumb\"},\"inLanguage\":\"en-GB\",\"potentialAction\":[{\"@type\":\"ReadAction\",\"target\":[\"https:\/\/obujeniokusi.com\/predavanja\/\"]}]},{\"@type\":\"BreadcrumbList\",\"@id\":\"https:\/\/obujeniokusi.com\/predavanja\/#breadcrumb\",\"itemListElement\":[{\"@type\":\"ListItem\",\"position\":1,\"name\":\"Home\",\"item\":\"https:\/\/obujeniokusi.com\/\"},{\"@type\":\"ListItem\",\"position\":2,\"name\":\"PREDAVANJA\"}]},{\"@type\":\"WebSite\",\"@id\":\"https:\/\/obujeniokusi.com\/#website\",\"url\":\"https:\/\/obujeniokusi.com\/\",\"name\":\"Obujeni okusi\",\"description\":\"\",\"potentialAction\":[{\"@type\":\"SearchAction\",\"target\":{\"@type\":\"EntryPoint\",\"urlTemplate\":\"https:\/\/obujeniokusi.com\/?s={search_term_string}\"},\"query-input\":{\"@type\":\"PropertyValueSpecification\",\"valueRequired\":true,\"valueName\":\"search_term_string\"}}],\"inLanguage\":\"en-GB\"}]}<\/script>\n<!-- \/ Yoast SEO plugin. -->","yoast_head_json":{"title":"PREDAVANJA - Obujeni okusi","robots":{"index":"index","follow":"follow","max-snippet":"max-snippet:-1","max-image-preview":"max-image-preview:large","max-video-preview":"max-video-preview:-1"},"canonical":"https:\/\/obujeniokusi.com\/en\/predavanja\/","og_locale":"en_GB","og_type":"article","og_title":"PREDAVANJA - Obujeni okusi","og_description":"PREDAVANJA, PREDSTAVITVE IN PRISPEVKIZa razli\u010dne zavode z veseljem pripravimo tudi predavanja na temo zgodovine prehrane, na\u0161ih delavnic in podobno. \u010crpamo iz podatkov \u017ee vse od mlaj\u0161e kamene dobe dalje. Z veseljem se odzovemo na sodelovanja z zavodi, \u0161olami in drugimi institucijami. V zadovoljstvo pa nam je o prehrani pripraviti tudi kak pisni prispevek. O prehrani [&hellip;]","og_url":"https:\/\/obujeniokusi.com\/en\/predavanja\/","og_site_name":"Obujeni okusi","article_modified_time":"2025-09-28T15:20:45+00:00","twitter_card":"summary_large_image","schema":{"@context":"https:\/\/schema.org","@graph":[{"@type":"WebPage","@id":"https:\/\/obujeniokusi.com\/predavanja\/","url":"https:\/\/obujeniokusi.com\/predavanja\/","name":"PREDAVANJA - Obujeni okusi","isPartOf":{"@id":"https:\/\/obujeniokusi.com\/#website"},"datePublished":"2025-03-23T18:51:32+00:00","dateModified":"2025-09-28T15:20:45+00:00","breadcrumb":{"@id":"https:\/\/obujeniokusi.com\/predavanja\/#breadcrumb"},"inLanguage":"en-GB","potentialAction":[{"@type":"ReadAction","target":["https:\/\/obujeniokusi.com\/predavanja\/"]}]},{"@type":"BreadcrumbList","@id":"https:\/\/obujeniokusi.com\/predavanja\/#breadcrumb","itemListElement":[{"@type":"ListItem","position":1,"name":"Home","item":"https:\/\/obujeniokusi.com\/"},{"@type":"ListItem","position":2,"name":"PREDAVANJA"}]},{"@type":"WebSite","@id":"https:\/\/obujeniokusi.com\/#website","url":"https:\/\/obujeniokusi.com\/","name":"Obujeni okusi","description":"","potentialAction":[{"@type":"SearchAction","target":{"@type":"EntryPoint","urlTemplate":"https:\/\/obujeniokusi.com\/?s={search_term_string}"},"query-input":{"@type":"PropertyValueSpecification","valueRequired":true,"valueName":"search_term_string"}}],"inLanguage":"en-GB"}]}},"_links":{"self":[{"href":"https:\/\/obujeniokusi.com\/en\/wp-json\/wp\/v2\/pages\/761","targetHints":{"allow":["GET"]}}],"collection":[{"href":"https:\/\/obujeniokusi.com\/en\/wp-json\/wp\/v2\/pages"}],"about":[{"href":"https:\/\/obujeniokusi.com\/en\/wp-json\/wp\/v2\/types\/page"}],"author":[{"embeddable":true,"href":"https:\/\/obujeniokusi.com\/en\/wp-json\/wp\/v2\/users\/2"}],"replies":[{"embeddable":true,"href":"https:\/\/obujeniokusi.com\/en\/wp-json\/wp\/v2\/comments?post=761"}],"version-history":[{"count":8,"href":"https:\/\/obujeniokusi.com\/en\/wp-json\/wp\/v2\/pages\/761\/revisions"}],"predecessor-version":[{"id":963,"href":"https:\/\/obujeniokusi.com\/en\/wp-json\/wp\/v2\/pages\/761\/revisions\/963"}],"wp:attachment":[{"href":"https:\/\/obujeniokusi.com\/en\/wp-json\/wp\/v2\/media?parent=761"}],"curies":[{"name":"wp","href":"https:\/\/api.w.org\/{rel}","templated":true}]}}