{"id":753,"date":"2025-03-24T22:51:56","date_gmt":"2025-03-24T21:51:56","guid":{"rendered":"https:\/\/obujeniokusi.com\/?page_id=753"},"modified":"2025-09-28T17:20:45","modified_gmt":"2025-09-28T15:20:45","slug":"demonstracije-kuhe","status":"publish","type":"page","link":"https:\/\/obujeniokusi.com\/en\/demonstracije-kuhe\/","title":{"rendered":"DEMONSTRACIJE KUHE"},"content":{"rendered":"[et_pb_section fb_built=&#8221;1&#8243; fullwidth=&#8221;on&#8221; _builder_version=&#8221;4.16&#8243; animation_style=&#8221;slide&#8221; animation_direction=&#8221;top&#8221; animation_intensity_slide=&#8221;2%&#8221; animation_starting_opacity=&#8221;100%&#8221; global_colors_info=&#8221;{}&#8221;][et_pb_fullwidth_header title=&#8221;DEMONSTRACIJE KUHE V PRETEKLOSTI&#8221; content_max_width=&#8221;800px&#8221; disabled_on=&#8221;on|off|off&#8221; _builder_version=&#8221;4.27.4&#8243; title_level=&#8221;h2&#8243; title_font=&#8221;Georgia||||||||&#8221; title_font_size=&#8221;62px&#8221; title_letter_spacing=&#8221;1px&#8221; title_line_height=&#8221;1.2em&#8221; content_font=&#8221;||||||||&#8221; content_font_size=&#8221;20px&#8221; content_line_height=&#8221;1.8em&#8221; background_color=&#8221;rgba(255, 255, 255, 0)&#8221; use_background_color_gradient=&#8221;on&#8221; background_color_gradient_direction=&#8221;90deg&#8221; background_color_gradient_stops=&#8221;rgba(0,0,0,0.75) 0%|rgba(0,0,0,0) 100%&#8221; background_color_gradient_overlays_image=&#8221;on&#8221; background_color_gradient_start=&#8221;rgba(0,0,0,0.75)&#8221; background_color_gradient_end=&#8221;rgba(0,0,0,0)&#8221; background_image=&#8221;https:\/\/obujeniokusi.com\/wp-content\/uploads\/2025\/02\/20210417_130727-scaled.jpg&#8221; custom_button_one=&#8221;on&#8221; button_one_text_size=&#8221;18px&#8221; button_one_bg_color=&#8221;#02d002&#8243; button_one_border_width=&#8221;8px&#8221; button_one_border_color=&#8221;#02d002&#8243; button_one_border_radius=&#8221;0px&#8221; button_one_letter_spacing=&#8221;1px&#8221; button_one_font=&#8221;Lato|700|||||||&#8221; button_one_use_icon=&#8221;off&#8221; custom_button_two=&#8221;on&#8221; button_two_text_size=&#8221;18px&#8221; button_two_text_color=&#8221;#353740&#8243; button_two_bg_color=&#8221;#ffffff&#8221; button_two_border_width=&#8221;8px&#8221; button_two_border_color=&#8221;#ffffff&#8221; button_two_border_radius=&#8221;0px&#8221; button_two_letter_spacing=&#8221;1px&#8221; button_two_font=&#8221;Lato|700|||||||&#8221; button_two_use_icon=&#8221;off&#8221; custom_margin=&#8221;|||&#8221; custom_padding=&#8221;8%||8%|&#8221; button_one_letter_spacing_hover=&#8221;1px&#8221; button_two_letter_spacing_hover=&#8221;1px&#8221; locked=&#8221;off&#8221; global_colors_info=&#8221;{}&#8221; button_one_text_size__hover_enabled=&#8221;off&#8221; button_two_text_size__hover_enabled=&#8221;off&#8221; button_one_text_color__hover_enabled=&#8221;off&#8221; button_two_text_color__hover_enabled=&#8221;off&#8221; button_one_border_width__hover_enabled=&#8221;off&#8221; button_two_border_width__hover_enabled=&#8221;off&#8221; button_one_border_color__hover_enabled=&#8221;off&#8221; button_two_border_color__hover_enabled=&#8221;off&#8221; button_one_border_radius__hover_enabled=&#8221;off&#8221; button_two_border_radius__hover_enabled=&#8221;off&#8221; button_one_letter_spacing__hover_enabled=&#8221;on&#8221; button_one_letter_spacing__hover=&#8221;1px&#8221; button_two_letter_spacing__hover_enabled=&#8221;on&#8221; button_two_letter_spacing__hover=&#8221;1px&#8221; button_one_bg_color__hover_enabled=&#8221;off&#8221; button_two_bg_color__hover_enabled=&#8221;off&#8221;][\/et_pb_fullwidth_header][\/et_pb_section][et_pb_section fb_built=&#8221;1&#8243; disabled_on=&#8221;off|on|on&#8221; _builder_version=&#8221;4.27.4&#8243; _module_preset=&#8221;default&#8221; background_image=&#8221;https:\/\/obujeniokusi.com\/wp-content\/uploads\/2025\/02\/20210417_130727-scaled.jpg&#8221; custom_margin=&#8221;-2px|||||&#8221; filter_opacity=&#8221;88%&#8221; global_colors_info=&#8221;{}&#8221;][et_pb_row _builder_version=&#8221;4.27.4&#8243; _module_preset=&#8221;default&#8221; global_colors_info=&#8221;{}&#8221;][et_pb_column type=&#8221;4_4&#8243; _builder_version=&#8221;4.27.4&#8243; _module_preset=&#8221;default&#8221; global_colors_info=&#8221;{}&#8221;][et_pb_text _builder_version=&#8221;4.27.4&#8243; _module_preset=&#8221;default&#8221; header_font=&#8221;Georgia||||||||&#8221; header_text_color=&#8221;#FFFFFF&#8221; header_font_size=&#8221;31px&#8221; hover_enabled=&#8221;0&#8243; header_text_shadow_style=&#8221;preset4&#8243; header_text_shadow_color=&#8221;#000000&#8243; global_colors_info=&#8221;{}&#8221; sticky_enabled=&#8221;0&#8243;]<h1>DEMONSTRACIJE KUHE V PRETEKLOSTI<\/h1>[\/et_pb_text][\/et_pb_column][\/et_pb_row][\/et_pb_section][et_pb_section fb_built=&#8221;1&#8243; admin_label=&#8221;Information Section&#8221; _builder_version=&#8221;4.27.4&#8243; background_color=&#8221;rgba(224,82,0,0.36)&#8221; custom_padding=&#8221;100px||100px|&#8221; global_colors_info=&#8221;{}&#8221;][et_pb_row admin_label=&#8221;Information Area&#8221; _builder_version=&#8221;4.27.4&#8243; max_width=&#8221;650px&#8221; custom_margin=&#8221;|||&#8221; custom_padding=&#8221;||23px|||&#8221; use_custom_width=&#8221;on&#8221; custom_width_px=&#8221;650px&#8221; global_colors_info=&#8221;{}&#8221;][et_pb_column type=&#8221;4_4&#8243; _builder_version=&#8221;4.16&#8243; custom_padding=&#8221;|||&#8221; global_colors_info=&#8221;{}&#8221; custom_padding__hover=&#8221;|||&#8221;][et_pb_text admin_label=&#8221;Title&#8221; _builder_version=&#8221;4.27.4&#8243; text_font=&#8221;Georgia||||||||&#8221; text_font_size=&#8221;26px&#8221; header_font=&#8221;Georgia||||||||&#8221; header_font_size=&#8221;27px&#8221; header_2_font=&#8221;Lato||||||||&#8221; header_2_font_size=&#8221;36px&#8221; header_2_line_height=&#8221;1.5em&#8221; module_alignment=&#8221;center&#8221; custom_margin=&#8221;||15px|&#8221; custom_padding=&#8221;|||&#8221; animation_direction=&#8221;left&#8221; inline_fonts=&#8221;Georgia&#8221; global_colors_info=&#8221;{}&#8221;]<h2><span style=\"font-family: Georgia;\">PRIKAZ STARE KUHE<\/span><\/h2>[\/et_pb_text][et_pb_text _builder_version=&#8221;4.27.4&#8243; text_font=&#8221;Georgia|600|||||||&#8221; text_font_size=&#8221;16px&#8221; text_letter_spacing=&#8221;2px&#8221; text_line_height=&#8221;1.8em&#8221; header_font=&#8221;||||||||&#8221; header_2_font=&#8221;Lato||||||||&#8221; header_2_font_size=&#8221;36px&#8221; header_2_line_height=&#8221;1.5em&#8221; background_color=&#8221;rgba(127,85,0,0.19)&#8221; module_alignment=&#8221;center&#8221; custom_margin=&#8221;||15px|&#8221; custom_padding=&#8221;0px|||||&#8221; animation_direction=&#8221;left&#8221; global_colors_info=&#8221;{}&#8221;]<p>Pripravljamo prikaze starih na\u010dinov priprave hrane. Najve\u010dkrat sicer visoke poznosrednjeve\u0161ke ter \u017eeleznodobne, po dogovoru pa lahko pripravimu tudi va\u0161im \u017eeljam primeren dogodek.<\/p>\n<p>Omenjeni kuhi pripravljamo na odprtem ognju, v \u010dasu ustreznih replikah. Gre za zanimiv kuharski \u0161ov, ki popestri marsikatero prilo\u017enost.<\/p>\n<p>&nbsp;<\/p>[\/et_pb_text][\/et_pb_column][\/et_pb_row][\/et_pb_section][et_pb_section fb_built=&#8221;1&#8243; custom_padding_last_edited=&#8221;on|phone&#8221; admin_label=&#8221;Quote Text Section&#8221; _builder_version=&#8221;4.27.4&#8243; background_color=&#8221;RGBA(255,255,255,0)&#8221; use_background_color_gradient=&#8221;on&#8221; background_color_gradient_direction=&#8221;90deg&#8221; background_color_gradient_stops=&#8221;#ffffff 50%|rgba(255,255,255,0) 50%&#8221; background_color_gradient_overlays_image=&#8221;on&#8221; background_color_gradient_start=&#8221;#ffffff&#8221; background_color_gradient_start_position=&#8221;50%&#8221; background_color_gradient_end=&#8221;rgba(255,255,255,0)&#8221; background_color_gradient_end_position=&#8221;50%&#8221; background_image=&#8221;https:\/\/obujeniokusi.com\/wp-content\/uploads\/2025\/02\/20210908_165550-scaled.jpg&#8221; background_position=&#8221;center_right&#8221; custom_padding=&#8221;10%||8.2%|||&#8221; custom_padding_tablet=&#8221;&#8221; custom_padding_phone=&#8221;&#8221; global_colors_info=&#8221;{}&#8221;][et_pb_row admin_label=&#8221;Quote Text Area&#8221; _builder_version=&#8221;4.27.4&#8243; custom_padding=&#8221;|||&#8221; global_colors_info=&#8221;{}&#8221;][et_pb_column type=&#8221;4_4&#8243; _builder_version=&#8221;4.16&#8243; custom_padding=&#8221;|||&#8221; global_colors_info=&#8221;{}&#8221; custom_padding__hover=&#8221;|||&#8221;][et_pb_text quote_border_weight=&#8221;10px&#8221; quote_border_color=&#8221;#02d002&#8243; admin_label=&#8221;Quote&#8221; _builder_version=&#8221;4.27.4&#8243; text_font=&#8221;Georgia||||||||&#8221; text_font_size=&#8221;41px&#8221; text_letter_spacing=&#8221;2px&#8221; text_line_height=&#8221;1em&#8221; quote_font=&#8221;Lato||on||||||&#8221; quote_text_color=&#8221;#333333&#8243; quote_font_size=&#8221;48px&#8221; quote_line_height=&#8221;1.5em&#8221; header_font=&#8221;Georgia||||||||&#8221; header_font_size=&#8221;43px&#8221; header_4_font=&#8221;||on||||||&#8221; background_color=&#8221;rgba(191,105,0,0.43)&#8221; background_layout=&#8221;dark&#8221; module_alignment=&#8221;center&#8221; custom_padding=&#8221;8%|8%|8%|0px&#8221; animation_style=&#8221;slide&#8221; animation_direction=&#8221;left&#8221; animation_intensity_slide=&#8221;6%&#8221; animation_starting_opacity=&#8221;100%&#8221; quote_font_size_tablet=&#8221;&#8221; quote_font_size_phone=&#8221;36px&#8221; quote_font_size_last_edited=&#8221;on|phone&#8221; text_text_shadow_style=&#8221;preset3&#8243; inline_fonts=&#8221;Georgia&#8221; global_colors_info=&#8221;{}&#8221;]<blockquote><\/blockquote>\n<p><span style=\"font-family: Georgia; font-weight: normal; font-size: xx-large;\">Demonstracije najraje pripravljamo na odprtem ognju.<\/span><\/p>\n<blockquote><\/blockquote>[\/et_pb_text][\/et_pb_column][\/et_pb_row][\/et_pb_section][et_pb_section fb_built=&#8221;1&#8243; _builder_version=&#8221;4.27.4&#8243; background_color=&#8221;rgba(234,114,23,0.42)&#8221; min_height=&#8221;356px&#8221; height=&#8221;722px&#8221; max_height=&#8221;1000px&#8221; custom_margin=&#8221;||111px|||&#8221; custom_padding=&#8221;100px||271px|||&#8221; global_colors_info=&#8221;{}&#8221;][et_pb_row column_structure=&#8221;1_3,1_3,1_3&#8243; use_custom_gutter=&#8221;on&#8221; gutter_width=&#8221;1&#8243; make_equal=&#8221;on&#8221; _builder_version=&#8221;4.27.4&#8243; background_enable_image=&#8221;off&#8221; width=&#8221;82%&#8221; max_width=&#8221;1355px&#8221; min_height=&#8221;1000px&#8221; height=&#8221;1000px&#8221; custom_margin=&#8221;|auto|59px|auto||&#8221; custom_padding=&#8221;0px|0px|0px|0px||&#8221; global_colors_info=&#8221;{}&#8221;][et_pb_column type=&#8221;1_3&#8243; _builder_version=&#8221;4.16&#8243; custom_padding=&#8221;|||&#8221; global_colors_info=&#8221;{}&#8221; custom_padding__hover=&#8221;|||&#8221;][et_pb_image src=&#8221;https:\/\/obujeniokusi.com\/wp-content\/uploads\/2025\/03\/20210417_130821-scaled.jpg&#8221; title_text=&#8221;20210417_130821&#8243; show_in_lightbox=&#8221;on&#8221; use_overlay=&#8221;on&#8221; overlay_icon_color=&#8221;#ffffff&#8221; hover_overlay_color=&#8221;rgba(0,0,0,0.3)&#8221; hover_icon=&#8221;&#x30;||divi||400&#8243; force_fullwidth=&#8221;on&#8221; align_tablet=&#8221;center&#8221; align_phone=&#8221;center&#8221; align_last_edited=&#8221;on|desktop&#8221; _builder_version=&#8221;4.27.4&#8243; custom_margin=&#8221;|||&#8221; border_style_all=&#8221;none&#8221; locked=&#8221;off&#8221; global_colors_info=&#8221;{}&#8221;][\/et_pb_image][\/et_pb_column][et_pb_column type=&#8221;1_3&#8243; _builder_version=&#8221;4.16&#8243; custom_padding=&#8221;|||&#8221; global_colors_info=&#8221;{}&#8221; custom_padding__hover=&#8221;|||&#8221;][et_pb_image src=&#8221;https:\/\/obujeniokusi.com\/wp-content\/uploads\/2025\/03\/20220323_131650-scaled.jpg&#8221; title_text=&#8221;20220323_131650&#8243; show_in_lightbox=&#8221;on&#8221; use_overlay=&#8221;on&#8221; overlay_icon_color=&#8221;#ffffff&#8221; hover_overlay_color=&#8221;rgba(0,0,0,0.3)&#8221; hover_icon=&#8221;&#x30;||divi||400&#8243; force_fullwidth=&#8221;on&#8221; align_tablet=&#8221;center&#8221; align_phone=&#8221;center&#8221; align_last_edited=&#8221;on|desktop&#8221; _builder_version=&#8221;4.27.4&#8243; min_height=&#8221;479px&#8221; custom_margin=&#8221;|||&#8221; locked=&#8221;off&#8221; global_colors_info=&#8221;{}&#8221;][\/et_pb_image][\/et_pb_column][et_pb_column type=&#8221;1_3&#8243; _builder_version=&#8221;4.16&#8243; custom_padding=&#8221;|||&#8221; global_colors_info=&#8221;{}&#8221; custom_padding__hover=&#8221;|||&#8221;][et_pb_image src=&#8221;https:\/\/obujeniokusi.com\/wp-content\/uploads\/2025\/03\/cooking.jpeg&#8221; title_text=&#8221;cooking&#8221; show_in_lightbox=&#8221;on&#8221; use_overlay=&#8221;on&#8221; overlay_icon_color=&#8221;#ffffff&#8221; hover_overlay_color=&#8221;rgba(0,0,0,0.3)&#8221; hover_icon=&#8221;&#x30;||divi||400&#8243; force_fullwidth=&#8221;on&#8221; align_tablet=&#8221;center&#8221; align_phone=&#8221;center&#8221; align_last_edited=&#8221;on|desktop&#8221; _builder_version=&#8221;4.27.4&#8243; custom_margin=&#8221;|||&#8221; locked=&#8221;off&#8221; global_colors_info=&#8221;{}&#8221;][\/et_pb_image][\/et_pb_column][\/et_pb_row][\/et_pb_section][et_pb_section fb_built=&#8221;1&#8243; fullwidth=&#8221;on&#8221; admin_label=&#8221;Call to Action&#8221; _builder_version=&#8221;4.16&#8243; min_height=&#8221;516.8px&#8221; custom_margin=&#8221;568px||-127px|||&#8221; custom_padding=&#8221;||3px|||&#8221; animation_style=&#8221;slide&#8221; animation_direction=&#8221;bottom&#8221; animation_intensity_slide=&#8221;6%&#8221; animation_starting_opacity=&#8221;100%&#8221; locked=&#8221;off&#8221; global_colors_info=&#8221;{}&#8221;][et_pb_fullwidth_header title=&#8221;ZA VE\u010c INFORMACIJ NAM PI\u0160ITE.&#8221; button_one_text=&#8221;KONTAKT&#8221; button_one_url=&#8221;https:\/\/obujeniokusi.com\/?page_id=779&#038;et_fb=1&#038;PageSpeed=off&#8221; content_max_width=&#8221;800px&#8221; _builder_version=&#8221;4.27.4&#8243; title_level=&#8221;h2&#8243; title_font=&#8221;Georgia||||||||&#8221; title_font_size=&#8221;46px&#8221; title_line_height=&#8221;1.2em&#8221; content_font=&#8221;||||||||&#8221; content_font_size=&#8221;20px&#8221; content_line_height=&#8221;1.8em&#8221; background_color=&#8221;rgba(255, 255, 255, 0)&#8221; use_background_color_gradient=&#8221;on&#8221; background_color_gradient_direction=&#8221;90deg&#8221; background_color_gradient_stops=&#8221;rgba(0,0,0,0.75) 0%|rgba(0,0,0,0) 100%&#8221; background_color_gradient_overlays_image=&#8221;on&#8221; background_color_gradient_start=&#8221;rgba(0,0,0,0.75)&#8221; background_color_gradient_end=&#8221;rgba(0,0,0,0)&#8221; background_image=&#8221;https:\/\/obujeniokusi.com\/wp-content\/uploads\/2025\/03\/IMG-d7af0ea06d802fc6dc0bff8e45020147-V.jpg&#8221; background_position=&#8221;bottom_left&#8221; background_horizontal_offset=&#8221;-8%&#8221; background_vertical_offset=&#8221;30%&#8221; custom_button_two=&#8221;on&#8221; button_two_text_size=&#8221;18px&#8221; button_two_text_color=&#8221;#353740&#8243; button_two_bg_color=&#8221;#ffffff&#8221; button_two_border_width=&#8221;8px&#8221; button_two_border_color=&#8221;#ffffff&#8221; button_two_border_radius=&#8221;0px&#8221; button_two_letter_spacing=&#8221;1px&#8221; button_two_font=&#8221;Lato|700|||||||&#8221; button_two_use_icon=&#8221;off&#8221; custom_margin=&#8221;-599px|||||&#8221; custom_padding=&#8221;2.6%||8%|||&#8221; hover_enabled=&#8221;0&#8243; button_one_letter_spacing_hover=&#8221;1px&#8221; button_two_letter_spacing_hover=&#8221;1px&#8221; global_colors_info=&#8221;{}&#8221; button_one_text_size__hover_enabled=&#8221;off&#8221; button_two_text_size__hover_enabled=&#8221;off&#8221; button_one_text_color__hover_enabled=&#8221;off&#8221; button_two_text_color__hover_enabled=&#8221;off&#8221; button_one_border_width__hover_enabled=&#8221;off&#8221; button_two_border_width__hover_enabled=&#8221;off&#8221; button_one_border_color__hover_enabled=&#8221;off&#8221; button_two_border_color__hover_enabled=&#8221;off&#8221; button_one_border_radius__hover_enabled=&#8221;off&#8221; button_two_border_radius__hover_enabled=&#8221;off&#8221; button_one_letter_spacing__hover_enabled=&#8221;on&#8221; button_one_letter_spacing__hover=&#8221;1px&#8221; button_two_letter_spacing__hover_enabled=&#8221;on&#8221; button_two_letter_spacing__hover=&#8221;1px&#8221; button_one_bg_color__hover_enabled=&#8221;off&#8221; button_two_bg_color__hover_enabled=&#8221;off&#8221; sticky_enabled=&#8221;0&#8243;][\/et_pb_fullwidth_header][\/et_pb_section]","protected":false},"excerpt":{"rendered":"<p>DEMONSTRACIJE KUHE V PRETEKLOSTIPRIKAZ STARE KUHEPripravljamo prikaze starih na\u010dinov priprave hrane. Najve\u010dkrat sicer visoke poznosrednjeve\u0161ke ter \u017eeleznodobne, po dogovoru pa lahko pripravimu tudi va\u0161im \u017eeljam primeren dogodek. Omenjeni kuhi pripravljamo na odprtem ognju, v \u010dasu ustreznih replikah. Gre za zanimiv kuharski \u0161ov, ki popestri marsikatero prilo\u017enost. &nbsp; Demonstracije najraje pripravljamo na odprtem ognju.<\/p>","protected":false},"author":2,"featured_media":0,"parent":0,"menu_order":0,"comment_status":"closed","ping_status":"closed","template":"","meta":{"_et_pb_use_builder":"on","_et_pb_old_content":"","_et_gb_content_width":"","footnotes":""},"class_list":["post-753","page","type-page","status-publish","hentry"],"yoast_head":"<!-- This site is optimized with the Yoast SEO plugin v26.2 - https:\/\/yoast.com\/wordpress\/plugins\/seo\/ -->\n<title>DEMONSTRACIJE KUHE - Obujeni okusi<\/title>\n<meta name=\"robots\" content=\"index, follow, max-snippet:-1, max-image-preview:large, max-video-preview:-1\" \/>\n<link rel=\"canonical\" href=\"https:\/\/obujeniokusi.com\/en\/demonstracije-kuhe\/\" \/>\n<meta property=\"og:locale\" content=\"en_GB\" \/>\n<meta property=\"og:type\" content=\"article\" \/>\n<meta property=\"og:title\" content=\"DEMONSTRACIJE KUHE - Obujeni okusi\" \/>\n<meta property=\"og:description\" content=\"DEMONSTRACIJE KUHE V PRETEKLOSTIPRIKAZ STARE KUHEPripravljamo prikaze starih na\u010dinov priprave hrane. Najve\u010dkrat sicer visoke poznosrednjeve\u0161ke ter \u017eeleznodobne, po dogovoru pa lahko pripravimu tudi va\u0161im \u017eeljam primeren dogodek. Omenjeni kuhi pripravljamo na odprtem ognju, v \u010dasu ustreznih replikah. Gre za zanimiv kuharski \u0161ov, ki popestri marsikatero prilo\u017enost. &nbsp; Demonstracije najraje pripravljamo na odprtem ognju.\" \/>\n<meta property=\"og:url\" content=\"https:\/\/obujeniokusi.com\/en\/demonstracije-kuhe\/\" \/>\n<meta property=\"og:site_name\" content=\"Obujeni okusi\" \/>\n<meta property=\"article:modified_time\" content=\"2025-09-28T15:20:45+00:00\" \/>\n<meta name=\"twitter:card\" content=\"summary_large_image\" \/>\n<meta name=\"twitter:label1\" content=\"Estimated reading time\" \/>\n\t<meta name=\"twitter:data1\" content=\"1 minute\" \/>\n<script type=\"application\/ld+json\" class=\"yoast-schema-graph\">{\"@context\":\"https:\/\/schema.org\",\"@graph\":[{\"@type\":\"WebPage\",\"@id\":\"https:\/\/obujeniokusi.com\/demonstracije-kuhe\/\",\"url\":\"https:\/\/obujeniokusi.com\/demonstracije-kuhe\/\",\"name\":\"DEMONSTRACIJE KUHE - Obujeni okusi\",\"isPartOf\":{\"@id\":\"https:\/\/obujeniokusi.com\/#website\"},\"datePublished\":\"2025-03-24T21:51:56+00:00\",\"dateModified\":\"2025-09-28T15:20:45+00:00\",\"breadcrumb\":{\"@id\":\"https:\/\/obujeniokusi.com\/demonstracije-kuhe\/#breadcrumb\"},\"inLanguage\":\"en-GB\",\"potentialAction\":[{\"@type\":\"ReadAction\",\"target\":[\"https:\/\/obujeniokusi.com\/demonstracije-kuhe\/\"]}]},{\"@type\":\"BreadcrumbList\",\"@id\":\"https:\/\/obujeniokusi.com\/demonstracije-kuhe\/#breadcrumb\",\"itemListElement\":[{\"@type\":\"ListItem\",\"position\":1,\"name\":\"Home\",\"item\":\"https:\/\/obujeniokusi.com\/\"},{\"@type\":\"ListItem\",\"position\":2,\"name\":\"DEMONSTRACIJE KUHE\"}]},{\"@type\":\"WebSite\",\"@id\":\"https:\/\/obujeniokusi.com\/#website\",\"url\":\"https:\/\/obujeniokusi.com\/\",\"name\":\"Obujeni okusi\",\"description\":\"\",\"potentialAction\":[{\"@type\":\"SearchAction\",\"target\":{\"@type\":\"EntryPoint\",\"urlTemplate\":\"https:\/\/obujeniokusi.com\/?s={search_term_string}\"},\"query-input\":{\"@type\":\"PropertyValueSpecification\",\"valueRequired\":true,\"valueName\":\"search_term_string\"}}],\"inLanguage\":\"en-GB\"}]}<\/script>\n<!-- \/ Yoast SEO plugin. -->","yoast_head_json":{"title":"DEMONSTRACIJE KUHE - Obujeni okusi","robots":{"index":"index","follow":"follow","max-snippet":"max-snippet:-1","max-image-preview":"max-image-preview:large","max-video-preview":"max-video-preview:-1"},"canonical":"https:\/\/obujeniokusi.com\/en\/demonstracije-kuhe\/","og_locale":"en_GB","og_type":"article","og_title":"DEMONSTRACIJE KUHE - Obujeni okusi","og_description":"DEMONSTRACIJE KUHE V PRETEKLOSTIPRIKAZ STARE KUHEPripravljamo prikaze starih na\u010dinov priprave hrane. Najve\u010dkrat sicer visoke poznosrednjeve\u0161ke ter \u017eeleznodobne, po dogovoru pa lahko pripravimu tudi va\u0161im \u017eeljam primeren dogodek. Omenjeni kuhi pripravljamo na odprtem ognju, v \u010dasu ustreznih replikah. Gre za zanimiv kuharski \u0161ov, ki popestri marsikatero prilo\u017enost. &nbsp; Demonstracije najraje pripravljamo na odprtem ognju.","og_url":"https:\/\/obujeniokusi.com\/en\/demonstracije-kuhe\/","og_site_name":"Obujeni okusi","article_modified_time":"2025-09-28T15:20:45+00:00","twitter_card":"summary_large_image","twitter_misc":{"Estimated reading time":"1 minute"},"schema":{"@context":"https:\/\/schema.org","@graph":[{"@type":"WebPage","@id":"https:\/\/obujeniokusi.com\/demonstracije-kuhe\/","url":"https:\/\/obujeniokusi.com\/demonstracije-kuhe\/","name":"DEMONSTRACIJE KUHE - Obujeni okusi","isPartOf":{"@id":"https:\/\/obujeniokusi.com\/#website"},"datePublished":"2025-03-24T21:51:56+00:00","dateModified":"2025-09-28T15:20:45+00:00","breadcrumb":{"@id":"https:\/\/obujeniokusi.com\/demonstracije-kuhe\/#breadcrumb"},"inLanguage":"en-GB","potentialAction":[{"@type":"ReadAction","target":["https:\/\/obujeniokusi.com\/demonstracije-kuhe\/"]}]},{"@type":"BreadcrumbList","@id":"https:\/\/obujeniokusi.com\/demonstracije-kuhe\/#breadcrumb","itemListElement":[{"@type":"ListItem","position":1,"name":"Home","item":"https:\/\/obujeniokusi.com\/"},{"@type":"ListItem","position":2,"name":"DEMONSTRACIJE KUHE"}]},{"@type":"WebSite","@id":"https:\/\/obujeniokusi.com\/#website","url":"https:\/\/obujeniokusi.com\/","name":"Obujeni okusi","description":"","potentialAction":[{"@type":"SearchAction","target":{"@type":"EntryPoint","urlTemplate":"https:\/\/obujeniokusi.com\/?s={search_term_string}"},"query-input":{"@type":"PropertyValueSpecification","valueRequired":true,"valueName":"search_term_string"}}],"inLanguage":"en-GB"}]}},"_links":{"self":[{"href":"https:\/\/obujeniokusi.com\/en\/wp-json\/wp\/v2\/pages\/753","targetHints":{"allow":["GET"]}}],"collection":[{"href":"https:\/\/obujeniokusi.com\/en\/wp-json\/wp\/v2\/pages"}],"about":[{"href":"https:\/\/obujeniokusi.com\/en\/wp-json\/wp\/v2\/types\/page"}],"author":[{"embeddable":true,"href":"https:\/\/obujeniokusi.com\/en\/wp-json\/wp\/v2\/users\/2"}],"replies":[{"embeddable":true,"href":"https:\/\/obujeniokusi.com\/en\/wp-json\/wp\/v2\/comments?post=753"}],"version-history":[{"count":7,"href":"https:\/\/obujeniokusi.com\/en\/wp-json\/wp\/v2\/pages\/753\/revisions"}],"predecessor-version":[{"id":1120,"href":"https:\/\/obujeniokusi.com\/en\/wp-json\/wp\/v2\/pages\/753\/revisions\/1120"}],"wp:attachment":[{"href":"https:\/\/obujeniokusi.com\/en\/wp-json\/wp\/v2\/media?parent=753"}],"curies":[{"name":"wp","href":"https:\/\/api.w.org\/{rel}","templated":true}]}}