{"id":501,"date":"2025-03-23T19:49:43","date_gmt":"2025-03-23T18:49:43","guid":{"rendered":"https:\/\/obujeniokusi.com\/?page_id=501"},"modified":"2025-09-28T17:20:45","modified_gmt":"2025-09-28T15:20:45","slug":"kulinaricne-delavnice","status":"publish","type":"page","link":"https:\/\/obujeniokusi.com\/en\/kulinaricne-delavnice\/","title":{"rendered":"kulinari\u010dne delavnice"},"content":{"rendered":"<p>[et_pb_section fb_built=&#8221;1&#8243; fullwidth=&#8221;on&#8221; _builder_version=&#8221;4.16&#8243; animation_style=&#8221;slide&#8221; animation_direction=&#8221;top&#8221; animation_intensity_slide=&#8221;2%&#8221; animation_starting_opacity=&#8221;100%&#8221; global_colors_info=&#8221;{}&#8221;][et_pb_fullwidth_header title=&#8221;KULINARI\u010cNE DELAVNICE&#8221; content_max_width=&#8221;800px&#8221; disabled_on=&#8221;on|off|off&#8221; _builder_version=&#8221;4.27.4&#8243; title_level=&#8221;h2&#8243; title_font=&#8221;Georgia||||||||&#8221; title_font_size=&#8221;60px&#8221; title_line_height=&#8221;1.2em&#8221; content_font=&#8221;||||||||&#8221; content_font_size=&#8221;20px&#8221; content_line_height=&#8221;1.8em&#8221; background_color=&#8221;rgba(255, 255, 255, 0)&#8221; use_background_color_gradient=&#8221;on&#8221; background_color_gradient_direction=&#8221;90deg&#8221; background_color_gradient_stops=&#8221;rgba(0,0,0,0.75) 0%|rgba(0,0,0,0) 100%&#8221; background_color_gradient_overlays_image=&#8221;on&#8221; background_color_gradient_start=&#8221;rgba(0,0,0,0.75)&#8221; background_color_gradient_end=&#8221;rgba(0,0,0,0)&#8221; background_image=&#8221;https:\/\/obujeniokusi.com\/wp-content\/uploads\/2025\/02\/20220323_134708-scaled.jpg&#8221; custom_button_two=&#8221;on&#8221; button_two_text_size=&#8221;18px&#8221; button_two_text_color=&#8221;#353740&#8243; button_two_bg_color=&#8221;#ffffff&#8221; button_two_border_width=&#8221;8px&#8221; button_two_border_color=&#8221;#ffffff&#8221; button_two_border_radius=&#8221;0px&#8221; button_two_letter_spacing=&#8221;1px&#8221; button_two_font=&#8221;Lato|700|||||||&#8221; button_two_use_icon=&#8221;off&#8221; min_height=&#8221;572.6px&#8221; custom_margin=&#8221;|||&#8221; custom_padding=&#8221;8%||8%|&#8221; button_one_letter_spacing_hover=&#8221;1px&#8221; button_two_letter_spacing_hover=&#8221;1px&#8221; locked=&#8221;off&#8221; global_colors_info=&#8221;{}&#8221; button_one_text_size__hover_enabled=&#8221;off&#8221; button_two_text_size__hover_enabled=&#8221;off&#8221; button_one_text_color__hover_enabled=&#8221;off&#8221; button_two_text_color__hover_enabled=&#8221;off&#8221; button_one_border_width__hover_enabled=&#8221;off&#8221; button_two_border_width__hover_enabled=&#8221;off&#8221; button_one_border_color__hover_enabled=&#8221;off&#8221; button_two_border_color__hover_enabled=&#8221;off&#8221; button_one_border_radius__hover_enabled=&#8221;off&#8221; button_two_border_radius__hover_enabled=&#8221;off&#8221; button_one_letter_spacing__hover_enabled=&#8221;on&#8221; button_one_letter_spacing__hover=&#8221;1px&#8221; button_two_letter_spacing__hover_enabled=&#8221;on&#8221; button_two_letter_spacing__hover=&#8221;1px&#8221; button_one_bg_color__hover_enabled=&#8221;off&#8221; button_two_bg_color__hover_enabled=&#8221;off&#8221;][\/et_pb_fullwidth_header][\/et_pb_section][et_pb_section fb_built=&#8221;1&#8243; fullwidth=&#8221;on&#8221; _builder_version=&#8221;4.16&#8243; animation_style=&#8221;slide&#8221; animation_direction=&#8221;top&#8221; animation_intensity_slide=&#8221;2%&#8221; animation_starting_opacity=&#8221;100%&#8221; global_colors_info=&#8221;{}&#8221;][et_pb_fullwidth_header title=&#8221;KULINARI\u010cNE DELAVNICE&#8221; content_max_width=&#8221;800px&#8221; disabled_on=&#8221;off|off|on&#8221; _builder_version=&#8221;4.27.4&#8243; title_level=&#8221;h2&#8243; title_font=&#8221;Georgia||||||||&#8221; title_font_size=&#8221;45px&#8221; title_line_height=&#8221;1.2em&#8221; content_font=&#8221;||||||||&#8221; content_font_size=&#8221;20px&#8221; content_line_height=&#8221;1.8em&#8221; background_color=&#8221;rgba(255, 255, 255, 0)&#8221; use_background_color_gradient=&#8221;on&#8221; background_color_gradient_direction=&#8221;90deg&#8221; background_color_gradient_stops=&#8221;rgba(0,0,0,0.75) 0%|rgba(0,0,0,0) 100%&#8221; background_color_gradient_overlays_image=&#8221;on&#8221; background_color_gradient_start=&#8221;rgba(0,0,0,0.75)&#8221; background_color_gradient_end=&#8221;rgba(0,0,0,0)&#8221; background_image=&#8221;https:\/\/obujeniokusi.com\/wp-content\/uploads\/2025\/02\/20220323_134708-scaled.jpg&#8221; custom_button_two=&#8221;on&#8221; button_two_text_size=&#8221;18px&#8221; button_two_text_color=&#8221;#353740&#8243; button_two_bg_color=&#8221;#ffffff&#8221; button_two_border_width=&#8221;8px&#8221; button_two_border_color=&#8221;#ffffff&#8221; button_two_border_radius=&#8221;0px&#8221; button_two_letter_spacing=&#8221;1px&#8221; button_two_font=&#8221;Lato|700|||||||&#8221; button_two_use_icon=&#8221;off&#8221; min_height=&#8221;253.9px&#8221; height=&#8221;100px&#8221; custom_margin=&#8221;|||&#8221; custom_padding=&#8221;8%||8%|&#8221; button_one_letter_spacing_hover=&#8221;1px&#8221; button_two_letter_spacing_hover=&#8221;1px&#8221; locked=&#8221;off&#8221; global_colors_info=&#8221;{}&#8221; button_one_text_size__hover_enabled=&#8221;off&#8221; button_two_text_size__hover_enabled=&#8221;off&#8221; button_one_text_color__hover_enabled=&#8221;off&#8221; button_two_text_color__hover_enabled=&#8221;off&#8221; button_one_border_width__hover_enabled=&#8221;off&#8221; button_two_border_width__hover_enabled=&#8221;off&#8221; button_one_border_color__hover_enabled=&#8221;off&#8221; button_two_border_color__hover_enabled=&#8221;off&#8221; button_one_border_radius__hover_enabled=&#8221;off&#8221; button_two_border_radius__hover_enabled=&#8221;off&#8221; button_one_letter_spacing__hover_enabled=&#8221;on&#8221; button_one_letter_spacing__hover=&#8221;1px&#8221; button_two_letter_spacing__hover_enabled=&#8221;on&#8221; button_two_letter_spacing__hover=&#8221;1px&#8221; button_one_bg_color__hover_enabled=&#8221;off&#8221; button_two_bg_color__hover_enabled=&#8221;off&#8221;][\/et_pb_fullwidth_header][\/et_pb_section][et_pb_section fb_built=&#8221;1&#8243; admin_label=&#8221;Information Section&#8221; _builder_version=&#8221;4.27.4&#8243; background_color=&#8221;rgba(167,173,0,0.15)&#8221; min_height=&#8221;638.9px&#8221; custom_padding=&#8221;100px||100px|&#8221; global_colors_info=&#8221;{}&#8221;][et_pb_row admin_label=&#8221;Information Area&#8221; _builder_version=&#8221;4.16&#8243; max_width=&#8221;650px&#8221; custom_margin=&#8221;|||&#8221; use_custom_width=&#8221;on&#8221; custom_width_px=&#8221;650px&#8221; global_colors_info=&#8221;{}&#8221;][et_pb_column type=&#8221;4_4&#8243; _builder_version=&#8221;4.16&#8243; custom_padding=&#8221;|||&#8221; global_colors_info=&#8221;{}&#8221; custom_padding__hover=&#8221;|||&#8221;][et_pb_text admin_label=&#8221;Title&#8221; _builder_version=&#8221;4.27.4&#8243; text_font=&#8221;Georgia||||||||&#8221; header_font=&#8221;Georgia||||||||&#8221; header_line_height=&#8221;1.3em&#8221; header_2_font=&#8221;Lato||||||||&#8221; header_2_font_size=&#8221;36px&#8221; header_2_line_height=&#8221;1.5em&#8221; module_alignment=&#8221;center&#8221; custom_margin=&#8221;||15px|&#8221; custom_padding=&#8221;|||&#8221; animation_direction=&#8221;left&#8221; global_colors_info=&#8221;{}&#8221;]<\/p>\n<h1>Culinary workshops linked to different historical periods<\/h1>\n<p>[\/et_pb_text][et_pb_text _builder_version=&#8221;4.27.4&#8243; text_font=&#8221;Georgia||||||||&#8221; text_font_size=&#8221;16px&#8221; text_letter_spacing=&#8221;1px&#8221; text_line_height=&#8221;1.8em&#8221; header_font=&#8221;||||||||&#8221; header_2_font=&#8221;Lato||||||||&#8221; header_2_font_size=&#8221;36px&#8221; header_2_line_height=&#8221;1.5em&#8221; module_alignment=&#8221;center&#8221; custom_margin=&#8221;||15px|&#8221; custom_padding=&#8221;|||&#8221; animation_direction=&#8221;left&#8221; global_colors_info=&#8221;{}&#8221;]<\/p>\n<p>We prepare various workshops related to traditional cooking for participants. We usually organize them ourselves for open individual applications, but we can also prepare them for pre-arranged groups. We cook together in suitable studios and kitchens, as well as outside over an open fire.<\/p>\n<p>When cooking in modern studios, we make sure to serve food in replica tableware for the most authentic dining experience possible, while when cooking over an open fire, we usually cook in replicas as well, sometimes in combination with modern cast iron cookware.<\/p>\n<p>Culinary workshops always include a short lecture on the era we are recreating through food and cooking.<\/p>\n<p>&nbsp;<\/p>\n<p>[\/et_pb_text][\/et_pb_column][\/et_pb_row][\/et_pb_section][et_pb_section fb_built=&#8221;1&#8243; custom_padding_last_edited=&#8221;on|phone&#8221; admin_label=&#8221;Quote Text Section&#8221; _builder_version=&#8221;4.27.4&#8243; background_color=&#8221;RGBA(255,255,255,0)&#8221; use_background_color_gradient=&#8221;on&#8221; background_color_gradient_direction=&#8221;90deg&#8221; background_color_gradient_stops=&#8221;#ffffff 50%|rgba(255,255,255,0) 50%&#8221; background_color_gradient_overlays_image=&#8221;on&#8221; background_color_gradient_start=&#8221;#ffffff&#8221; background_color_gradient_start_position=&#8221;50%&#8221; background_color_gradient_end=&#8221;rgba(255,255,255,0)&#8221; background_color_gradient_end_position=&#8221;50%&#8221; background_image=&#8221;https:\/\/obujeniokusi.com\/wp-content\/uploads\/2025\/02\/17972269957549469.jpg&#8221; custom_padding=&#8221;10%||9.8%|||&#8221; custom_padding_tablet=&#8221;&#8221; custom_padding_phone=&#8221;&#8221; global_colors_info=&#8221;{}&#8221;][et_pb_row admin_label=&#8221;Quote Text Area&#8221; _builder_version=&#8221;4.27.4&#8243; custom_padding=&#8221;|||&#8221; box_shadow_style=&#8221;preset6&#8243; box_shadow_horizontal=&#8221;19px&#8221; box_shadow_blur=&#8221;68px&#8221; global_colors_info=&#8221;{}&#8221;][et_pb_column type=&#8221;4_4&#8243; _builder_version=&#8221;4.16&#8243; custom_padding=&#8221;|||&#8221; global_colors_info=&#8221;{}&#8221; custom_padding__hover=&#8221;|||&#8221;][et_pb_text quote_border_weight=&#8221;10px&#8221; quote_border_color=&#8221;#02d002&#8243; admin_label=&#8221;Quote&#8221; _builder_version=&#8221;4.27.4&#8243; text_font=&#8221;Georgia||||||||&#8221; quote_font=&#8221;Lato||on||||||&#8221; quote_text_color=&#8221;#333333&#8243; quote_font_size=&#8221;48px&#8221; quote_line_height=&#8221;1.5em&#8221; header_font=&#8221;Georgia||on||||||&#8221; header_font_size=&#8221;32px&#8221; header_letter_spacing=&#8221;1px&#8221; header_line_height=&#8221;1.2em&#8221; header_4_font=&#8221;||on||||||&#8221; background_color=&#8221;rgba(224,153,0,0.66)&#8221; module_alignment=&#8221;center&#8221; custom_padding=&#8221;7.9%|41px|7.9%|41px||true&#8221; filter_saturate=&#8221;87%&#8221; animation_style=&#8221;slide&#8221; animation_direction=&#8221;left&#8221; animation_intensity_slide=&#8221;6%&#8221; animation_starting_opacity=&#8221;100%&#8221; hover_enabled=&#8221;0&#8243; quote_font_size_tablet=&#8221;&#8221; quote_font_size_phone=&#8221;36px&#8221; quote_font_size_last_edited=&#8221;on|phone&#8221; border_color_all=&#8221;RGBA(255,255,255,0)&#8221; global_colors_info=&#8221;{}&#8221; text_font_size=&#8221;16px&#8221; sticky_enabled=&#8221;0&#8243;]<\/p>\n<h1>Our culinary workshops are a unique experience that combines history, archaeology, ethnology, and modernity.<\/h1>\n<p>[\/et_pb_text][\/et_pb_column][\/et_pb_row][\/et_pb_section][et_pb_section fb_built=&#8221;1&#8243; _builder_version=&#8221;4.16&#8243; background_color=&#8221;#f7f7f7&#8243; custom_padding=&#8221;100px||100px|&#8221; global_colors_info=&#8221;{}&#8221;][et_pb_row column_structure=&#8221;1_3,1_3,1_3&#8243; use_custom_gutter=&#8221;on&#8221; gutter_width=&#8221;1&#8243; _builder_version=&#8221;4.16&#8243; custom_margin=&#8221;||60px|&#8221; custom_padding=&#8221;0px|0px|0px|0px&#8221; global_colors_info=&#8221;{}&#8221;][et_pb_column type=&#8221;1_3&#8243; _builder_version=&#8221;4.16&#8243; custom_padding=&#8221;|||&#8221; global_colors_info=&#8221;{}&#8221; custom_padding__hover=&#8221;|||&#8221;][et_pb_image src=&#8221;https:\/\/obujeniokusi.com\/wp-content\/uploads\/2025\/03\/20240928_141841-scaled.jpg&#8221; title_text=&#8221;\u017dELEZNODOBNA DELAVNICA&#8221; show_in_lightbox=&#8221;on&#8221; use_overlay=&#8221;on&#8221; overlay_icon_color=&#8221;#ffffff&#8221; hover_overlay_color=&#8221;rgba(0,0,0,0.3)&#8221; hover_icon=&#8221;&#x30;||divi||400&#8243; force_fullwidth=&#8221;on&#8221; align_tablet=&#8221;center&#8221; align_phone=&#8221;center&#8221; align_last_edited=&#8221;on|desktop&#8221; _builder_version=&#8221;4.27.4&#8243; custom_margin=&#8221;|||&#8221; locked=&#8221;off&#8221; global_colors_info=&#8221;{}&#8221;][\/et_pb_image][\/et_pb_column][et_pb_column type=&#8221;1_3&#8243; _builder_version=&#8221;4.16&#8243; custom_padding=&#8221;|||&#8221; global_colors_info=&#8221;{}&#8221; custom_padding__hover=&#8221;|||&#8221;][et_pb_image src=&#8221;https:\/\/obujeniokusi.com\/wp-content\/uploads\/2025\/03\/20241130_123245-scaled.jpg&#8221; title_text=&#8221;STARORIMSKA DELAVNICA&#8221; show_in_lightbox=&#8221;on&#8221; use_overlay=&#8221;on&#8221; overlay_icon_color=&#8221;#ffffff&#8221; hover_overlay_color=&#8221;rgba(0,0,0,0.3)&#8221; hover_icon=&#8221;&#x30;||divi||400&#8243; force_fullwidth=&#8221;on&#8221; align_tablet=&#8221;center&#8221; align_phone=&#8221;center&#8221; align_last_edited=&#8221;on|desktop&#8221; _builder_version=&#8221;4.27.4&#8243; custom_margin=&#8221;|||&#8221; locked=&#8221;off&#8221; global_colors_info=&#8221;{}&#8221;][\/et_pb_image][\/et_pb_column][et_pb_column type=&#8221;1_3&#8243; _builder_version=&#8221;4.16&#8243; custom_padding=&#8221;|||&#8221; global_colors_info=&#8221;{}&#8221; custom_padding__hover=&#8221;|||&#8221;][et_pb_image src=&#8221;https:\/\/obujeniokusi.com\/wp-content\/uploads\/2025\/03\/20240928_144623-scaled.jpg&#8221; title_text=&#8221;\u017dELEZNODOBNA DELAVNICA&#8221; show_in_lightbox=&#8221;on&#8221; use_overlay=&#8221;on&#8221; overlay_icon_color=&#8221;#ffffff&#8221; hover_overlay_color=&#8221;rgba(0,0,0,0.3)&#8221; hover_icon=&#8221;&#x30;||divi||400&#8243; force_fullwidth=&#8221;on&#8221; align_tablet=&#8221;center&#8221; align_phone=&#8221;center&#8221; align_last_edited=&#8221;on|desktop&#8221; _builder_version=&#8221;4.27.4&#8243; custom_margin=&#8221;|||&#8221; locked=&#8221;off&#8221; global_colors_info=&#8221;{}&#8221;][\/et_pb_image][\/et_pb_column][\/et_pb_row][\/et_pb_section][et_pb_section fb_built=&#8221;1&#8243; admin_label=&#8221;Sponsors Section&#8221; _builder_version=&#8221;4.27.4&#8243; background_color=&#8221;rgba(142,104,0,0.47)&#8221; custom_padding=&#8221;100px||100px|&#8221; global_colors_info=&#8221;{}&#8221;][\/et_pb_section][et_pb_section fb_built=&#8221;1&#8243; fullwidth=&#8221;on&#8221; admin_label=&#8221;Call to Action&#8221; _builder_version=&#8221;4.27.4&#8243; animation_style=&#8221;slide&#8221; animation_direction=&#8221;bottom&#8221; animation_intensity_slide=&#8221;6%&#8221; animation_starting_opacity=&#8221;100%&#8221; locked=&#8221;off&#8221; global_colors_info=&#8221;{}&#8221;][et_pb_fullwidth_header title=&#8221;PRIDRU\u017dI SE NAM NA NEPOZABNEM DRU\u017dENJU&#8230;&#8221; button_one_text=&#8221;PRIHAJAJO\u010cI DOGODKI&#8221; button_one_url=&#8221;https:\/\/obujeniokusi.com\/?page_id=762&#038;et_fb=1&#038;PageSpeed=off&#8221; content_max_width=&#8221;800px&#8221; _builder_version=&#8221;4.27.4&#8243; title_level=&#8221;h2&#8243; title_font=&#8221;Georgia||||||||&#8221; title_font_size=&#8221;43px&#8221; title_line_height=&#8221;1.4em&#8221; content_font=&#8221;||||||||&#8221; content_font_size=&#8221;20px&#8221; content_line_height=&#8221;1.8em&#8221; background_color=&#8221;rgba(255, 255, 255, 0)&#8221; use_background_color_gradient=&#8221;on&#8221; background_color_gradient_direction=&#8221;90deg&#8221; background_color_gradient_stops=&#8221;rgba(0,0,0,0.75) 0%|rgba(0,0,0,0) 100%&#8221; background_color_gradient_overlays_image=&#8221;on&#8221; background_color_gradient_start=&#8221;rgba(0,0,0,0.75)&#8221; background_color_gradient_end=&#8221;rgba(0,0,0,0)&#8221; background_image=&#8221;https:\/\/obujeniokusi.com\/wp-content\/uploads\/2025\/03\/20240928_131550-scaled.jpg&#8221; background_size=&#8221;custom&#8221; background_image_width=&#8221;0%&#8221; background_image_height=&#8221;0%&#8221; background_position=&#8221;bottom_center&#8221; custom_button_one=&#8221;on&#8221; button_one_text_size=&#8221;20px&#8221; button_one_text_color=&#8221;#FFFFFF&#8221; custom_button_two=&#8221;on&#8221; button_two_text_size=&#8221;18px&#8221; button_two_text_color=&#8221;#353740&#8243; button_two_bg_color=&#8221;#ffffff&#8221; button_two_border_width=&#8221;8px&#8221; button_two_border_color=&#8221;#ffffff&#8221; button_two_border_radius=&#8221;0px&#8221; button_two_letter_spacing=&#8221;1px&#8221; button_two_font=&#8221;Lato|700|||||||&#8221; button_two_use_icon=&#8221;off&#8221; custom_margin=&#8221;|||&#8221; custom_padding=&#8221;8%||8%|&#8221; box_shadow_style=&#8221;preset6&#8243; box_shadow_style_button_one=&#8221;preset6&#8243; box_shadow_spread_button_one=&#8221;80px&#8221; button_one_letter_spacing_hover=&#8221;1px&#8221; button_two_letter_spacing_hover=&#8221;1px&#8221; global_colors_info=&#8221;{}&#8221; button_one_text_size__hover_enabled=&#8221;off&#8221; button_two_text_size__hover_enabled=&#8221;off&#8221; button_one_text_color__hover_enabled=&#8221;off&#8221; button_two_text_color__hover_enabled=&#8221;off&#8221; button_one_border_width__hover_enabled=&#8221;off&#8221; button_two_border_width__hover_enabled=&#8221;off&#8221; button_one_border_color__hover_enabled=&#8221;off&#8221; button_two_border_color__hover_enabled=&#8221;off&#8221; button_one_border_radius__hover_enabled=&#8221;off&#8221; button_two_border_radius__hover_enabled=&#8221;off&#8221; button_one_letter_spacing__hover_enabled=&#8221;on&#8221; button_one_letter_spacing__hover=&#8221;1px&#8221; button_two_letter_spacing__hover_enabled=&#8221;on&#8221; button_two_letter_spacing__hover=&#8221;1px&#8221; button_one_bg_color__hover_enabled=&#8221;off&#8221; button_two_bg_color__hover_enabled=&#8221;off&#8221;][\/et_pb_fullwidth_header][\/et_pb_section]<\/p>","protected":false},"excerpt":{"rendered":"<p>Kulinari\u010dne delavnice, vezane na razli\u010dna zgodovinska obdobjaZa udele\u017eence pripravljamo razli\u010dne delavnice, vezane na kuho preteklosti. Najve\u010dkrat jih organiziramo sami za odprte individualne prijave, lahko pa jih pripravimo tudi za v naprej dogovorjeno skupino. Skupaj kuhamo v primernih studiih in kuhinjah, pa tudi zunaj na odprtem ognju. \u010ce kuhamo v modernih studiih, poskrbimo, da hrano postre\u017eemo [&hellip;]<\/p>","protected":false},"author":3,"featured_media":0,"parent":0,"menu_order":0,"comment_status":"closed","ping_status":"closed","template":"","meta":{"_et_pb_use_builder":"on","_et_pb_old_content":"","_et_gb_content_width":"","footnotes":""},"class_list":["post-501","page","type-page","status-publish","hentry"],"yoast_head":"<!-- This site is optimized with the Yoast SEO plugin v26.2 - https:\/\/yoast.com\/wordpress\/plugins\/seo\/ -->\n<title>kulinari\u010dne delavnice - Obujeni okusi<\/title>\n<meta name=\"robots\" content=\"index, follow, max-snippet:-1, max-image-preview:large, max-video-preview:-1\" \/>\n<link rel=\"canonical\" href=\"https:\/\/obujeniokusi.com\/en\/kulinaricne-delavnice\/\" \/>\n<meta property=\"og:locale\" content=\"en_GB\" \/>\n<meta property=\"og:type\" content=\"article\" \/>\n<meta property=\"og:title\" content=\"kulinari\u010dne delavnice - Obujeni okusi\" \/>\n<meta property=\"og:description\" content=\"Kulinari\u010dne delavnice, vezane na razli\u010dna zgodovinska obdobjaZa udele\u017eence pripravljamo razli\u010dne delavnice, vezane na kuho preteklosti. Najve\u010dkrat jih organiziramo sami za odprte individualne prijave, lahko pa jih pripravimo tudi za v naprej dogovorjeno skupino. Skupaj kuhamo v primernih studiih in kuhinjah, pa tudi zunaj na odprtem ognju. \u010ce kuhamo v modernih studiih, poskrbimo, da hrano postre\u017eemo [&hellip;]\" \/>\n<meta property=\"og:url\" content=\"https:\/\/obujeniokusi.com\/en\/kulinaricne-delavnice\/\" \/>\n<meta property=\"og:site_name\" content=\"Obujeni okusi\" \/>\n<meta property=\"article:modified_time\" content=\"2025-09-28T15:20:45+00:00\" \/>\n<meta name=\"twitter:card\" content=\"summary_large_image\" \/>\n<script type=\"application\/ld+json\" class=\"yoast-schema-graph\">{\"@context\":\"https:\/\/schema.org\",\"@graph\":[{\"@type\":\"WebPage\",\"@id\":\"https:\/\/obujeniokusi.com\/kulinaricne-delavnice\/\",\"url\":\"https:\/\/obujeniokusi.com\/kulinaricne-delavnice\/\",\"name\":\"kulinari\u010dne delavnice - Obujeni okusi\",\"isPartOf\":{\"@id\":\"https:\/\/obujeniokusi.com\/#website\"},\"datePublished\":\"2025-03-23T18:49:43+00:00\",\"dateModified\":\"2025-09-28T15:20:45+00:00\",\"breadcrumb\":{\"@id\":\"https:\/\/obujeniokusi.com\/kulinaricne-delavnice\/#breadcrumb\"},\"inLanguage\":\"en-GB\",\"potentialAction\":[{\"@type\":\"ReadAction\",\"target\":[\"https:\/\/obujeniokusi.com\/kulinaricne-delavnice\/\"]}]},{\"@type\":\"BreadcrumbList\",\"@id\":\"https:\/\/obujeniokusi.com\/kulinaricne-delavnice\/#breadcrumb\",\"itemListElement\":[{\"@type\":\"ListItem\",\"position\":1,\"name\":\"Home\",\"item\":\"https:\/\/obujeniokusi.com\/\"},{\"@type\":\"ListItem\",\"position\":2,\"name\":\"kulinari\u010dne delavnice\"}]},{\"@type\":\"WebSite\",\"@id\":\"https:\/\/obujeniokusi.com\/#website\",\"url\":\"https:\/\/obujeniokusi.com\/\",\"name\":\"Obujeni okusi\",\"description\":\"\",\"potentialAction\":[{\"@type\":\"SearchAction\",\"target\":{\"@type\":\"EntryPoint\",\"urlTemplate\":\"https:\/\/obujeniokusi.com\/?s={search_term_string}\"},\"query-input\":{\"@type\":\"PropertyValueSpecification\",\"valueRequired\":true,\"valueName\":\"search_term_string\"}}],\"inLanguage\":\"en-GB\"}]}<\/script>\n<!-- \/ Yoast SEO plugin. -->","yoast_head_json":{"title":"kulinari\u010dne delavnice - Obujeni okusi","robots":{"index":"index","follow":"follow","max-snippet":"max-snippet:-1","max-image-preview":"max-image-preview:large","max-video-preview":"max-video-preview:-1"},"canonical":"https:\/\/obujeniokusi.com\/en\/kulinaricne-delavnice\/","og_locale":"en_GB","og_type":"article","og_title":"kulinari\u010dne delavnice - Obujeni okusi","og_description":"Kulinari\u010dne delavnice, vezane na razli\u010dna zgodovinska obdobjaZa udele\u017eence pripravljamo razli\u010dne delavnice, vezane na kuho preteklosti. Najve\u010dkrat jih organiziramo sami za odprte individualne prijave, lahko pa jih pripravimo tudi za v naprej dogovorjeno skupino. Skupaj kuhamo v primernih studiih in kuhinjah, pa tudi zunaj na odprtem ognju. \u010ce kuhamo v modernih studiih, poskrbimo, da hrano postre\u017eemo [&hellip;]","og_url":"https:\/\/obujeniokusi.com\/en\/kulinaricne-delavnice\/","og_site_name":"Obujeni okusi","article_modified_time":"2025-09-28T15:20:45+00:00","twitter_card":"summary_large_image","schema":{"@context":"https:\/\/schema.org","@graph":[{"@type":"WebPage","@id":"https:\/\/obujeniokusi.com\/kulinaricne-delavnice\/","url":"https:\/\/obujeniokusi.com\/kulinaricne-delavnice\/","name":"kulinari\u010dne delavnice - Obujeni okusi","isPartOf":{"@id":"https:\/\/obujeniokusi.com\/#website"},"datePublished":"2025-03-23T18:49:43+00:00","dateModified":"2025-09-28T15:20:45+00:00","breadcrumb":{"@id":"https:\/\/obujeniokusi.com\/kulinaricne-delavnice\/#breadcrumb"},"inLanguage":"en-GB","potentialAction":[{"@type":"ReadAction","target":["https:\/\/obujeniokusi.com\/kulinaricne-delavnice\/"]}]},{"@type":"BreadcrumbList","@id":"https:\/\/obujeniokusi.com\/kulinaricne-delavnice\/#breadcrumb","itemListElement":[{"@type":"ListItem","position":1,"name":"Home","item":"https:\/\/obujeniokusi.com\/"},{"@type":"ListItem","position":2,"name":"kulinari\u010dne delavnice"}]},{"@type":"WebSite","@id":"https:\/\/obujeniokusi.com\/#website","url":"https:\/\/obujeniokusi.com\/","name":"Obujeni okusi","description":"","potentialAction":[{"@type":"SearchAction","target":{"@type":"EntryPoint","urlTemplate":"https:\/\/obujeniokusi.com\/?s={search_term_string}"},"query-input":{"@type":"PropertyValueSpecification","valueRequired":true,"valueName":"search_term_string"}}],"inLanguage":"en-GB"}]}},"_links":{"self":[{"href":"https:\/\/obujeniokusi.com\/en\/wp-json\/wp\/v2\/pages\/501","targetHints":{"allow":["GET"]}}],"collection":[{"href":"https:\/\/obujeniokusi.com\/en\/wp-json\/wp\/v2\/pages"}],"about":[{"href":"https:\/\/obujeniokusi.com\/en\/wp-json\/wp\/v2\/types\/page"}],"author":[{"embeddable":true,"href":"https:\/\/obujeniokusi.com\/en\/wp-json\/wp\/v2\/users\/3"}],"replies":[{"embeddable":true,"href":"https:\/\/obujeniokusi.com\/en\/wp-json\/wp\/v2\/comments?post=501"}],"version-history":[{"count":13,"href":"https:\/\/obujeniokusi.com\/en\/wp-json\/wp\/v2\/pages\/501\/revisions"}],"predecessor-version":[{"id":1043,"href":"https:\/\/obujeniokusi.com\/en\/wp-json\/wp\/v2\/pages\/501\/revisions\/1043"}],"wp:attachment":[{"href":"https:\/\/obujeniokusi.com\/en\/wp-json\/wp\/v2\/media?parent=501"}],"curies":[{"name":"wp","href":"https:\/\/api.w.org\/{rel}","templated":true}]}}