{"id":174,"date":"2025-03-23T19:15:21","date_gmt":"2025-03-23T18:15:21","guid":{"rendered":"https:\/\/obujeniokusi.com\/?page_id=174"},"modified":"2025-09-28T17:20:45","modified_gmt":"2025-09-28T15:20:45","slug":"o-nas","status":"publish","type":"page","link":"https:\/\/obujeniokusi.com\/en\/o-nas\/","title":{"rendered":"ABOUT US"},"content":{"rendered":"<p>[et_pb_section fb_built=&#8221;1&#8243; fullwidth=&#8221;on&#8221; _builder_version=&#8221;4.16&#8243; animation_style=&#8221;slide&#8221; animation_direction=&#8221;top&#8221; animation_intensity_slide=&#8221;2%&#8221; animation_starting_opacity=&#8221;100%&#8221; global_colors_info=&#8221;{}&#8221;][et_pb_fullwidth_header title=&#8221;O OBUJENIH OKUSIH&#8221; content_max_width=&#8221;800px&#8221; _builder_version=&#8221;4.27.4&#8243; title_level=&#8221;h2&#8243; title_font=&#8221;Georgia||||||||&#8221; title_font_size=&#8221;71px&#8221; title_line_height=&#8221;1.2em&#8221; content_font=&#8221;||||||||&#8221; content_font_size=&#8221;20px&#8221; content_line_height=&#8221;1.8em&#8221; background_color=&#8221;RGBA(255,255,255,0)&#8221; use_background_color_gradient=&#8221;on&#8221; background_color_gradient_direction=&#8221;90deg&#8221; background_color_gradient_stops=&#8221;rgba(0,0,0,0.75) 0%|rgba(0,0,0,0) 100%&#8221; background_color_gradient_overlays_image=&#8221;on&#8221; background_color_gradient_start=&#8221;rgba(0,0,0,0.75)&#8221; background_color_gradient_end=&#8221;rgba(0,0,0,0)&#8221; background_image=&#8221;https:\/\/obujeniokusi.com\/wp-content\/uploads\/2025\/02\/srednjeveske-kuhane-hruske-scaled.jpg&#8221; background_position=&#8221;center_left&#8221; custom_button_one=&#8221;on&#8221; button_one_text_size=&#8221;18px&#8221; button_one_bg_color=&#8221;#02d002&#8243; button_one_border_width=&#8221;8px&#8221; button_one_border_color=&#8221;#02d002&#8243; button_one_border_radius=&#8221;0px&#8221; button_one_letter_spacing=&#8221;1px&#8221; button_one_font=&#8221;Lato|700|||||||&#8221; button_one_use_icon=&#8221;off&#8221; custom_button_two=&#8221;on&#8221; button_two_text_size=&#8221;18px&#8221; button_two_text_color=&#8221;#353740&#8243; button_two_bg_color=&#8221;#ffffff&#8221; button_two_border_width=&#8221;8px&#8221; button_two_border_color=&#8221;#ffffff&#8221; button_two_border_radius=&#8221;0px&#8221; button_two_letter_spacing=&#8221;1px&#8221; button_two_font=&#8221;Lato|700|||||||&#8221; button_two_use_icon=&#8221;off&#8221; custom_margin=&#8221;|||&#8221; custom_padding=&#8221;8.1%||6.1%|||&#8221; button_one_letter_spacing_hover=&#8221;1px&#8221; button_two_letter_spacing_hover=&#8221;1px&#8221; locked=&#8221;off&#8221; global_colors_info=&#8221;{}&#8221; button_one_text_size__hover_enabled=&#8221;off&#8221; button_two_text_size__hover_enabled=&#8221;off&#8221; button_one_text_color__hover_enabled=&#8221;off&#8221; button_two_text_color__hover_enabled=&#8221;off&#8221; button_one_border_width__hover_enabled=&#8221;off&#8221; button_two_border_width__hover_enabled=&#8221;off&#8221; button_one_border_color__hover_enabled=&#8221;off&#8221; button_two_border_color__hover_enabled=&#8221;off&#8221; button_one_border_radius__hover_enabled=&#8221;off&#8221; button_two_border_radius__hover_enabled=&#8221;off&#8221; button_one_letter_spacing__hover_enabled=&#8221;on&#8221; button_one_letter_spacing__hover=&#8221;1px&#8221; button_two_letter_spacing__hover_enabled=&#8221;on&#8221; button_two_letter_spacing__hover=&#8221;1px&#8221; button_one_bg_color__hover_enabled=&#8221;off&#8221; button_two_bg_color__hover_enabled=&#8221;off&#8221;][\/et_pb_fullwidth_header][\/et_pb_section][et_pb_section fb_built=&#8221;1&#8243; _builder_version=&#8221;4.27.4&#8243; _module_preset=&#8221;default&#8221; background_color=&#8221;rgba(209,125,29,0.5)&#8221; min_height=&#8221;435.9px&#8221; custom_margin=&#8221;||-164px|||&#8221; custom_padding=&#8221;||164px|||&#8221; global_colors_info=&#8221;{}&#8221;][et_pb_row _builder_version=&#8221;4.27.4&#8243; _module_preset=&#8221;default&#8221; custom_margin=&#8221;64px||-86px||false|false&#8221; global_colors_info=&#8221;{}&#8221;][et_pb_column type=&#8221;4_4&#8243; _builder_version=&#8221;4.27.4&#8243; _module_preset=&#8221;default&#8221; global_colors_info=&#8221;{}&#8221;][et_pb_gallery gallery_ids=&#8221;590,594,269,330&#8243; show_title_and_caption=&#8221;off&#8221; _builder_version=&#8221;4.27.4&#8243; _module_preset=&#8221;default&#8221; global_colors_info=&#8221;{}&#8221;][\/et_pb_gallery][\/et_pb_column][\/et_pb_row][\/et_pb_section][et_pb_section fb_built=&#8221;1&#8243; disabled_on=&#8221;on|off|off&#8221; admin_label=&#8221;Our Story Section&#8221; _builder_version=&#8221;4.27.4&#8243; background_color=&#8221;RGBA(255,255,255,0)&#8221; background_image=&#8221;https:\/\/obujeniokusi.com\/wp-content\/uploads\/2025\/02\/zelenjava-po-starorimsko-1-scaled.jpg&#8221; background_blend=&#8221;soft-light&#8221; horizontal_offset=&#8221;0px&#8221; min_height=&#8221;809px&#8221; height=&#8221;1000px&#8221; max_height=&#8221;267px&#8221; custom_margin=&#8221;162px|||||&#8221; custom_padding=&#8221;117px||76px||false|&#8221; hover_transition_duration=&#8221;0ms&#8221; hover_transition_delay=&#8221;50ms&#8221; scroll_fade_enable=&#8221;on&#8221; global_colors_info=&#8221;{}&#8221;][et_pb_row _builder_version=&#8221;4.27.4&#8243; _module_preset=&#8221;default&#8221; custom_margin=&#8221;-95px|auto||auto||&#8221; global_colors_info=&#8221;{}&#8221;][et_pb_column type=&#8221;4_4&#8243; _builder_version=&#8221;4.27.4&#8243; _module_preset=&#8221;default&#8221; global_colors_info=&#8221;{}&#8221;][et_pb_text _builder_version=&#8221;4.27.4&#8243; _module_preset=&#8221;default&#8221; text_text_color=&#8221;#000000&#8243; header_font=&#8221;Georgia||||||||&#8221; header_text_color=&#8221;#FFFFFF&#8221; header_letter_spacing=&#8221;2px&#8221; header_line_height=&#8221;1.1em&#8221; width=&#8221;99.6%&#8221; min_height=&#8221;854px&#8221; custom_margin=&#8221;|||-2px||&#8221; custom_padding=&#8221;||0px|||&#8221; header_text_shadow_style=&#8221;preset3&#8243; global_colors_info=&#8221;{}&#8221;]<\/p>\n<h1 class=\"translation-block\"><strong><span style=\"color: #ffffff\"><span style=\"font-family: Georgia;font-size: medium\">Behind<\/span><span style=\"font-family: Georgia;font-size: medium\"> the revival of flavors is Polona Jane\u017ei\u010d, archaeologist and business organizer in hospitality and tourism. My work is based on my knowledge of archaeological, ethnological, and culinary heritage. When I finished my first degree, I continued my studies out of necessity and enrolled in hospitality and tourism. In the end, it turned out that this profession also suited me, although not in its classic form. Already during my education, I developed a curiosity about culinary heritage, and I discovered my passion by organizing an interesting event on historical food in the capital. My career path led me from fieldwork to museum archaeology and from assistant chef to head chef in Denmark, where we prepared dishes according to preserved medieval recipes. During the pandemic, I began to develop my photography skills, and in recent years, I have been using this medium to present archaeological, ethnological, and culinary heritage. You can meet me at various events where I prepare catering and workshops, and I am also involved in developing historical menus.<\/span><\/span><\/strong><\/h1>\n<p>[\/et_pb_text][\/et_pb_column][\/et_pb_row][\/et_pb_section][et_pb_section fb_built=&#8221;1&#8243; disabled_on=&#8221;off|on|on&#8221; admin_label=&#8221;Our Story Section&#8221; _builder_version=&#8221;4.27.4&#8243; background_color=&#8221;RGBA(255,255,255,0)&#8221; background_image=&#8221;https:\/\/obujeniokusi.com\/wp-content\/uploads\/2025\/02\/zelenjava-po-starorimsko-1-scaled.jpg&#8221; background_blend=&#8221;soft-light&#8221; horizontal_offset=&#8221;0px&#8221; min_height=&#8221;809px&#8221; height=&#8221;1000px&#8221; max_height=&#8221;267px&#8221; custom_margin=&#8221;126px|||||&#8221; custom_padding=&#8221;113px||76px||false|&#8221; animation_style=&#8221;fade&#8221; hover_transition_duration=&#8221;0ms&#8221; scroll_vertical_motion_enable=&#8221;off&#8221; scroll_fade_enable=&#8221;on&#8221; hover_enabled=&#8221;0&#8243; global_colors_info=&#8221;{}&#8221; sticky_enabled=&#8221;0&#8243;][et_pb_row _builder_version=&#8221;4.27.4&#8243; _module_preset=&#8221;default&#8221; width=&#8221;84.5%&#8221; custom_margin=&#8221;-97px|auto||auto||&#8221; hover_enabled=&#8221;0&#8243; global_colors_info=&#8221;{}&#8221; sticky_enabled=&#8221;0&#8243;][et_pb_column type=&#8221;4_4&#8243; _builder_version=&#8221;4.27.4&#8243; _module_preset=&#8221;default&#8221; global_colors_info=&#8221;{}&#8221;][et_pb_text _builder_version=&#8221;4.27.4&#8243; _module_preset=&#8221;default&#8221; hover_enabled=&#8221;0&#8243; sticky_enabled=&#8221;0&#8243; text_font=&#8221;Georgia||||||||&#8221; text_font_size=&#8221;12px&#8221; header_font_size=&#8221;18px&#8221; header_font=&#8221;Georgia||||||||&#8221; header_line_height=&#8221;1.3em&#8221;]<\/p>\n<h1><strong><span style=\"color: #ffffff;\"><span style=\"font-family: Georgia; font-size: medium;\">Za<\/span><span style=\"font-family: Georgia; font-size: medium;\"> obujanjem okusov stojim Polona Jane\u017ei\u010d, arheologinja in organizatorica poslovanja v gostinstvu in turizmu. Svoje delo snujem na poznavanju arheolo\u0161ke, etnolo\u0161ke in kulinari\u010dne dedi\u0161\u010dine. Rada opravljam oba poklica, ki me izredno izpolnjujeta. <\/span><\/span><\/strong><strong><span style=\"color: #ffffff;\"><span style=\"font-family: Georgia; font-size: medium;\">\u017de med \u0161tudijem sem razvijala zvedavost do kulinari\u010dne dedi\u0161\u010dine, svojo strast pa odkrila z realizacijo zanimivega dogodka o zgodovinski prehrani v prestolnici. Moja karierna pot je vodila od terenske do muzejske arheologinje in od pomo\u010dnice kuharja do vodje kuhinje na Danskem, kjer smo jedi pripravljali po ohranjenih srednjeve\u0161kih receptih. Z<\/span><span style=\"font-family: Georgia; font-size: medium;\">adnja leta skozi fotografijo predstavljam arheolo\u0161ko, etnolo\u0161ko in kulinari\u010dno dedi\u0161\u010dino. Sre\u010date me lahko na razli\u010dnih dogodkih, kjer pripravljam cateringe, delavnice, znajdem pa se tudi v razvijanju zgodovinskih menijev.<\/span><\/span><\/strong><\/h1>\n<p>[\/et_pb_text][\/et_pb_column][\/et_pb_row][\/et_pb_section][et_pb_section fb_built=&#8221;1&#8243; _builder_version=&#8221;4.27.4&#8243; _module_preset=&#8221;default&#8221; background_color=&#8221;rgba(170,39,0,0.48)&#8221; global_colors_info=&#8221;{}&#8221;][et_pb_row _builder_version=&#8221;4.27.4&#8243; _module_preset=&#8221;default&#8221; background_image=&#8221;https:\/\/obujeniokusi.com\/wp-content\/uploads\/2025\/02\/prazgodovinska-enoloncnica-scaled.jpg&#8221; global_colors_info=&#8221;{}&#8221;][et_pb_column type=&#8221;4_4&#8243; _builder_version=&#8221;4.27.4&#8243; _module_preset=&#8221;default&#8221; global_colors_info=&#8221;{}&#8221;][et_pb_text _builder_version=&#8221;4.27.4&#8243; _module_preset=&#8221;default&#8221; text_font=&#8221;Georgia|800|||||||&#8221; text_text_color=&#8221;#FFFFFF&#8221; text_font_size=&#8221;24px&#8221; header_font=&#8221;Georgia||||||||&#8221; text_text_shadow_style=&#8221;preset5&#8243; text_text_shadow_horizontal_length=&#8221;-0.01em&#8221; text_text_shadow_color=&#8221;#000000&#8243; box_shadow_style=&#8221;preset6&#8243; box_shadow_horizontal=&#8221;-43px&#8221; box_shadow_vertical=&#8221;18px&#8221; box_shadow_blur=&#8221;77px&#8221; box_shadow_spread=&#8221;-35px&#8221; box_shadow_color=&#8221;#E09900&#8243; global_colors_info=&#8221;{}&#8221;]<\/p>\n<p style=\"text-align: right;\">FOR MORE INFORMATION, PLEASE CONTACT US AT:<\/p>\n<p style=\"text-align: right;\"><a href=\"mailto:obujeniokusi@gmail.co,\">obujeniokusi@gmail.com<\/a><\/p>\n<p style=\"text-align: right;\">or contact us via social media<\/p>\n<p>[\/et_pb_text][\/et_pb_column][\/et_pb_row][\/et_pb_section]<\/p>","protected":false},"excerpt":{"rendered":"<p>Za obujanjem okusov stojim Polona Jane\u017ei\u010d, arheologinja in organizatorica poslovanja v gostinstvu in turizmu. Svoje delo snujem na poznavanju arheolo\u0161ke, etnolo\u0161ke in kulinari\u010dne dedi\u0161\u010dine. Ko sem zaklju\u010devala prvi \u0161tudij, sem\u00a0 iz nuje s \u0161tudijem nadaljevala in sem se vpisala \u0161e na gostinstvo in turizem. Na koncu se je izkazalo, da mi tudi ta poklic ustreza, [&hellip;]<\/p>","protected":false},"author":3,"featured_media":0,"parent":0,"menu_order":0,"comment_status":"closed","ping_status":"closed","template":"","meta":{"_et_pb_use_builder":"on","_et_pb_old_content":"","_et_gb_content_width":"","footnotes":""},"class_list":["post-174","page","type-page","status-publish","hentry"],"yoast_head":"<!-- This site is optimized with the Yoast SEO plugin v26.2 - https:\/\/yoast.com\/wordpress\/plugins\/seo\/ -->\n<title>O NAS - Obujeni okusi<\/title>\n<meta name=\"robots\" content=\"index, follow, max-snippet:-1, max-image-preview:large, max-video-preview:-1\" \/>\n<link rel=\"canonical\" href=\"https:\/\/obujeniokusi.com\/en\/o-nas\/\" \/>\n<meta property=\"og:locale\" content=\"en_GB\" \/>\n<meta property=\"og:type\" content=\"article\" \/>\n<meta property=\"og:title\" content=\"O NAS - Obujeni okusi\" \/>\n<meta property=\"og:description\" content=\"Za obujanjem okusov stojim Polona Jane\u017ei\u010d, arheologinja in organizatorica poslovanja v gostinstvu in turizmu. Svoje delo snujem na poznavanju arheolo\u0161ke, etnolo\u0161ke in kulinari\u010dne dedi\u0161\u010dine. Ko sem zaklju\u010devala prvi \u0161tudij, sem\u00a0 iz nuje s \u0161tudijem nadaljevala in sem se vpisala \u0161e na gostinstvo in turizem. Na koncu se je izkazalo, da mi tudi ta poklic ustreza, [&hellip;]\" \/>\n<meta property=\"og:url\" content=\"https:\/\/obujeniokusi.com\/en\/o-nas\/\" \/>\n<meta property=\"og:site_name\" content=\"Obujeni okusi\" \/>\n<meta property=\"article:modified_time\" content=\"2025-09-28T15:20:45+00:00\" \/>\n<meta name=\"twitter:card\" content=\"summary_large_image\" \/>\n<script type=\"application\/ld+json\" class=\"yoast-schema-graph\">{\"@context\":\"https:\/\/schema.org\",\"@graph\":[{\"@type\":\"WebPage\",\"@id\":\"https:\/\/obujeniokusi.com\/o-nas\/\",\"url\":\"https:\/\/obujeniokusi.com\/o-nas\/\",\"name\":\"O NAS - Obujeni okusi\",\"isPartOf\":{\"@id\":\"https:\/\/obujeniokusi.com\/#website\"},\"datePublished\":\"2025-03-23T18:15:21+00:00\",\"dateModified\":\"2025-09-28T15:20:45+00:00\",\"breadcrumb\":{\"@id\":\"https:\/\/obujeniokusi.com\/o-nas\/#breadcrumb\"},\"inLanguage\":\"en-GB\",\"potentialAction\":[{\"@type\":\"ReadAction\",\"target\":[\"https:\/\/obujeniokusi.com\/o-nas\/\"]}]},{\"@type\":\"BreadcrumbList\",\"@id\":\"https:\/\/obujeniokusi.com\/o-nas\/#breadcrumb\",\"itemListElement\":[{\"@type\":\"ListItem\",\"position\":1,\"name\":\"Home\",\"item\":\"https:\/\/obujeniokusi.com\/\"},{\"@type\":\"ListItem\",\"position\":2,\"name\":\"O NAS\"}]},{\"@type\":\"WebSite\",\"@id\":\"https:\/\/obujeniokusi.com\/#website\",\"url\":\"https:\/\/obujeniokusi.com\/\",\"name\":\"Obujeni okusi\",\"description\":\"\",\"potentialAction\":[{\"@type\":\"SearchAction\",\"target\":{\"@type\":\"EntryPoint\",\"urlTemplate\":\"https:\/\/obujeniokusi.com\/?s={search_term_string}\"},\"query-input\":{\"@type\":\"PropertyValueSpecification\",\"valueRequired\":true,\"valueName\":\"search_term_string\"}}],\"inLanguage\":\"en-GB\"}]}<\/script>\n<!-- \/ Yoast SEO plugin. -->","yoast_head_json":{"title":"O NAS - Obujeni okusi","robots":{"index":"index","follow":"follow","max-snippet":"max-snippet:-1","max-image-preview":"max-image-preview:large","max-video-preview":"max-video-preview:-1"},"canonical":"https:\/\/obujeniokusi.com\/en\/o-nas\/","og_locale":"en_GB","og_type":"article","og_title":"O NAS - Obujeni okusi","og_description":"Za obujanjem okusov stojim Polona Jane\u017ei\u010d, arheologinja in organizatorica poslovanja v gostinstvu in turizmu. Svoje delo snujem na poznavanju arheolo\u0161ke, etnolo\u0161ke in kulinari\u010dne dedi\u0161\u010dine. Ko sem zaklju\u010devala prvi \u0161tudij, sem\u00a0 iz nuje s \u0161tudijem nadaljevala in sem se vpisala \u0161e na gostinstvo in turizem. Na koncu se je izkazalo, da mi tudi ta poklic ustreza, [&hellip;]","og_url":"https:\/\/obujeniokusi.com\/en\/o-nas\/","og_site_name":"Obujeni okusi","article_modified_time":"2025-09-28T15:20:45+00:00","twitter_card":"summary_large_image","schema":{"@context":"https:\/\/schema.org","@graph":[{"@type":"WebPage","@id":"https:\/\/obujeniokusi.com\/o-nas\/","url":"https:\/\/obujeniokusi.com\/o-nas\/","name":"O NAS - Obujeni okusi","isPartOf":{"@id":"https:\/\/obujeniokusi.com\/#website"},"datePublished":"2025-03-23T18:15:21+00:00","dateModified":"2025-09-28T15:20:45+00:00","breadcrumb":{"@id":"https:\/\/obujeniokusi.com\/o-nas\/#breadcrumb"},"inLanguage":"en-GB","potentialAction":[{"@type":"ReadAction","target":["https:\/\/obujeniokusi.com\/o-nas\/"]}]},{"@type":"BreadcrumbList","@id":"https:\/\/obujeniokusi.com\/o-nas\/#breadcrumb","itemListElement":[{"@type":"ListItem","position":1,"name":"Home","item":"https:\/\/obujeniokusi.com\/"},{"@type":"ListItem","position":2,"name":"O NAS"}]},{"@type":"WebSite","@id":"https:\/\/obujeniokusi.com\/#website","url":"https:\/\/obujeniokusi.com\/","name":"Obujeni okusi","description":"","potentialAction":[{"@type":"SearchAction","target":{"@type":"EntryPoint","urlTemplate":"https:\/\/obujeniokusi.com\/?s={search_term_string}"},"query-input":{"@type":"PropertyValueSpecification","valueRequired":true,"valueName":"search_term_string"}}],"inLanguage":"en-GB"}]}},"_links":{"self":[{"href":"https:\/\/obujeniokusi.com\/en\/wp-json\/wp\/v2\/pages\/174","targetHints":{"allow":["GET"]}}],"collection":[{"href":"https:\/\/obujeniokusi.com\/en\/wp-json\/wp\/v2\/pages"}],"about":[{"href":"https:\/\/obujeniokusi.com\/en\/wp-json\/wp\/v2\/types\/page"}],"author":[{"embeddable":true,"href":"https:\/\/obujeniokusi.com\/en\/wp-json\/wp\/v2\/users\/3"}],"replies":[{"embeddable":true,"href":"https:\/\/obujeniokusi.com\/en\/wp-json\/wp\/v2\/comments?post=174"}],"version-history":[{"count":42,"href":"https:\/\/obujeniokusi.com\/en\/wp-json\/wp\/v2\/pages\/174\/revisions"}],"predecessor-version":[{"id":1021,"href":"https:\/\/obujeniokusi.com\/en\/wp-json\/wp\/v2\/pages\/174\/revisions\/1021"}],"wp:attachment":[{"href":"https:\/\/obujeniokusi.com\/en\/wp-json\/wp\/v2\/media?parent=174"}],"curies":[{"name":"wp","href":"https:\/\/api.w.org\/{rel}","templated":true}]}}