{"id":131,"date":"2025-03-23T19:15:21","date_gmt":"2025-03-23T18:15:21","guid":{"rendered":"https:\/\/obujeniokusi.com\/?page_id=131"},"modified":"2025-09-28T17:20:45","modified_gmt":"2025-09-28T15:20:45","slug":"ponudba","status":"publish","type":"page","link":"https:\/\/obujeniokusi.com\/en\/ponudba\/","title":{"rendered":"OFFER"},"content":{"rendered":"<p>[et_pb_section fb_built=&#8221;1&#8243; admin_label=&#8221;Header &#038; Products&#8221; _builder_version=&#8221;4.27.4&#8243; _module_preset=&#8221;default&#8221; use_background_color_gradient=&#8221;on&#8221; background_color_gradient_stops=&#8221;rgba(0,0,0,0.24) 0%|rgba(0,0,0,0.72) 100%&#8221; background_color_gradient_overlays_image=&#8221;on&#8221; background_image=&#8221;https:\/\/obujeniokusi.com\/wp-content\/uploads\/2025\/02\/17851215011718896.jpg&#8221; custom_margin=&#8221;-7px||||false|false&#8221; custom_padding=&#8221;0px||261px||false|false&#8221; collapsed=&#8221;on&#8221; global_colors_info=&#8221;{}&#8221;][et_pb_row _builder_version=&#8221;4.27.4&#8243; _module_preset=&#8221;default&#8221; global_colors_info=&#8221;{}&#8221;][et_pb_column type=&#8221;4_4&#8243; _builder_version=&#8221;4.27.4&#8243; _module_preset=&#8221;default&#8221; global_colors_info=&#8221;{}&#8221;][et_pb_heading title=&#8221;NA\u0160A PONUDBA&#8221; _builder_version=&#8221;4.27.4&#8243; _module_preset=&#8221;default&#8221; title_font=&#8221;Georgia|800|||||||&#8221; title_text_color=&#8221;#FFFFFF&#8221; title_font_size=&#8221;64px&#8221; title_text_shadow_style=&#8221;preset5&#8243; global_colors_info=&#8221;{}&#8221;][\/et_pb_heading][\/et_pb_column][\/et_pb_row][\/et_pb_section][et_pb_section fb_built=&#8221;1&#8243; admin_label=&#8221;Products&#8221; _builder_version=&#8221;4.27.4&#8243; _module_preset=&#8221;default&#8221; background_color=&#8221;rgba(224,153,0,0.44)&#8221; custom_padding=&#8221;0px|||||&#8221; collapsed=&#8221;on&#8221; global_colors_info=&#8221;{}&#8221;][et_pb_row column_structure=&#8221;1_4,1_4,1_4,1_4&#8243; _builder_version=&#8221;4.24.2&#8243; _module_preset=&#8221;default&#8221; global_colors_info=&#8221;{}&#8221;][et_pb_column type=&#8221;1_4&#8243; _builder_version=&#8221;4.24.2&#8243; _module_preset=&#8221;default&#8221; global_colors_info=&#8221;{}&#8221;][et_pb_image src=&#8221;https:\/\/obujeniokusi.com\/wp-content\/uploads\/2025\/02\/foto-Andreja-Cokl.jpg&#8221; title_text=&#8221;foto Andreja C\u030cokl&#8221; url=&#8221;https:\/\/obujeniokusi.com\/kulinaricne-delavnice&#8221; _builder_version=&#8221;4.27.4&#8243; _module_preset=&#8221;default&#8221; width=&#8221;84%&#8221; custom_margin=&#8221;|0px||21px|false|false&#8221; animation_style=&#8221;slide&#8221; global_colors_info=&#8221;{}&#8221;][\/et_pb_image][et_pb_text _builder_version=&#8221;4.27.4&#8243; _module_preset=&#8221;_initial&#8221; text_font=&#8221;Georgia||||||||&#8221; header_4_font=&#8221;Josefin Sans|700|||||||&#8221; header_4_font_size=&#8221;24px&#8221; header_4_line_height=&#8221;1.4em&#8221; custom_margin=&#8221;||0px||false|false&#8221; header_4_font_size_tablet=&#8221;16px&#8221; header_4_font_size_phone=&#8221;15px&#8221; header_4_font_size_last_edited=&#8221;on|desktop&#8221; global_colors_info=&#8221;{}&#8221;]<\/p>\n<h1 style=\"text-align: center;\">CULINARY WORKSHOPS<\/h1>\n<p>[\/et_pb_text][et_pb_text _builder_version=&#8221;4.27.4&#8243; _module_preset=&#8221;_initial&#8221; text_line_height=&#8221;1.6em&#8221; text_orientation=&#8221;center&#8221; inline_fonts=&#8221;Georgia&#8221; global_colors_info=&#8221;{}&#8221;]<\/p>\n<p><span style=\"font-family: Georgia;\">We organize culinary workshops on various historical periods. These can be for groups or as individual registrations for workshops that we advertise.<\/span><\/p>\n<p>[\/et_pb_text][et_pb_button button_url=&#8221;https:\/\/obujeniokusi.com\/kulinaricne-delavnice&#8221; button_text=&#8221;KLIKNI ZA VE\u010c&#8221; _builder_version=&#8221;4.27.4&#8243; _module_preset=&#8221;default&#8221; custom_button=&#8221;on&#8221; button_text_size=&#8221;21px&#8221; button_text_color=&#8221;#FFFFFF&#8221; button_font=&#8221;Georgia||||||||&#8221; button_on_hover=&#8221;off&#8221; custom_margin=&#8221;159px||||false|false&#8221; button_text_shadow_style=&#8221;preset5&#8243; box_shadow_style=&#8221;preset6&#8243; box_shadow_horizontal=&#8221;2px&#8221; box_shadow_vertical=&#8221;48px&#8221; box_shadow_spread=&#8221;42px&#8221; box_shadow_color=&#8221;#a5a5a5&#8243; global_colors_info=&#8221;{}&#8221;][\/et_pb_button][\/et_pb_column][et_pb_column type=&#8221;1_4&#8243; _builder_version=&#8221;4.24.2&#8243; _module_preset=&#8221;default&#8221; global_colors_info=&#8221;{}&#8221;][et_pb_image src=&#8221;https:\/\/obujeniokusi.com\/wp-content\/uploads\/2025\/02\/20240615_182246-scaled.jpg&#8221; title_text=&#8221;20240615_182246&#8243; url=&#8221;https:\/\/obujeniokusi.com\/cateringi&#8221; align=&#8221;center&#8221; _builder_version=&#8221;4.27.4&#8243; _module_preset=&#8221;default&#8221; width=&#8221;82.5%&#8221; min_height=&#8221;296.4px&#8221; custom_margin=&#8221;|1px||29px|false|false&#8221; custom_padding=&#8221;||1px|2px||&#8221; animation_style=&#8221;slide&#8221; global_colors_info=&#8221;{}&#8221;][\/et_pb_image][et_pb_text _builder_version=&#8221;4.27.4&#8243; _module_preset=&#8221;_initial&#8221; text_font=&#8221;Georgia||||||||&#8221; text_text_color=&#8221;#000000&#8243; text_font_size=&#8221;25px&#8221; text_letter_spacing=&#8221;1px&#8221; text_line_height=&#8221;1.3em&#8221; header_font=&#8221;Georgia|600|||||||&#8221; header_text_align=&#8221;center&#8221; header_4_font=&#8221;Josefin Sans|700|||||||&#8221; header_4_font_size=&#8221;24px&#8221; header_4_line_height=&#8221;1.4em&#8221; custom_margin=&#8221;-4px||0px||false|false&#8221; header_4_font_size_tablet=&#8221;16px&#8221; header_4_font_size_phone=&#8221;15px&#8221; header_4_font_size_last_edited=&#8221;on|desktop&#8221; global_colors_info=&#8221;{}&#8221;]<\/p>\n<p style=\"text-align: center;\">HISTORICAL RECEPTIONS AND TASTINGS<\/p>\n<p>[\/et_pb_text][et_pb_text _builder_version=&#8221;4.27.4&#8243; _module_preset=&#8221;_initial&#8221; text_line_height=&#8221;1.6em&#8221; custom_margin=&#8221;19px||||false|false&#8221; inline_fonts=&#8221;Georgia&#8221; global_colors_info=&#8221;{}&#8221;]<\/p>\n<p style=\"text-align: center;\"><span style=\"font-family: Georgia; font-weight: normal;\">We prepare various catering services related to historical periods.<\/span><\/p>\n<p>[\/et_pb_text][et_pb_button button_url=&#8221;https:\/\/obujeniokusi.com\/cateringi&#8221; button_text=&#8221;KLIKNI ZA VE\u010c&#8221; _builder_version=&#8221;4.27.4&#8243; _module_preset=&#8221;default&#8221; custom_button=&#8221;on&#8221; button_text_size=&#8221;21px&#8221; button_text_color=&#8221;#FFFFFF&#8221; button_font=&#8221;Georgia||||||||&#8221; button_on_hover=&#8221;off&#8221; custom_margin=&#8221;171px||||false|false&#8221; button_text_shadow_style=&#8221;preset5&#8243; box_shadow_style=&#8221;preset6&#8243; box_shadow_horizontal=&#8221;2px&#8221; box_shadow_vertical=&#8221;48px&#8221; box_shadow_spread=&#8221;42px&#8221; box_shadow_color=&#8221;#a5a5a5&#8243; global_colors_info=&#8221;{}&#8221;][\/et_pb_button][\/et_pb_column][et_pb_column type=&#8221;1_4&#8243; _builder_version=&#8221;4.27.4&#8243; _module_preset=&#8221;default&#8221; global_colors_info=&#8221;{}&#8221;][et_pb_image src=&#8221;https:\/\/obujeniokusi.com\/wp-content\/uploads\/2025\/02\/FB_IMG_1739910703357.jpg&#8221; title_text=&#8221;FB_IMG_1739910703357&#8243; url=&#8221;https:\/\/obujeniokusi.com\/predavanja&#8221; _builder_version=&#8221;4.27.4&#8243; _module_preset=&#8221;default&#8221; animation_style=&#8221;slide&#8221; global_colors_info=&#8221;{}&#8221;][\/et_pb_image][et_pb_text _builder_version=&#8221;4.27.4&#8243; _module_preset=&#8221;default&#8221; text_font=&#8221;Georgia|600|||||||&#8221; text_text_color=&#8221;rgba(0,0,0,0.74)&#8221; text_font_size=&#8221;24px&#8221; text_line_height=&#8221;1.8em&#8221; header_font=&#8221;Georgia||||||||&#8221; header_text_align=&#8221;center&#8221; header_line_height=&#8221;1.3em&#8221; text_orientation=&#8221;center&#8221; custom_margin=&#8221;-9px||1px||false|false&#8221; global_colors_info=&#8221;{}&#8221;]<\/p>\n<h1>INTERESTING LECTURES<\/h1>\n<p>[\/et_pb_text][et_pb_text _builder_version=&#8221;4.27.4&#8243; _module_preset=&#8221;default&#8221; text_font=&#8221;Georgia||||||||&#8221; text_orientation=&#8221;center&#8221; global_colors_info=&#8221;{}&#8221;]<\/p>\n<p>We prepare interesting lectures. Particularly suitable for schools, institutions, and companies that would like to enrich their program.<\/p>\n<p>[\/et_pb_text][et_pb_button button_url=&#8221;https:\/\/obujeniokusi.com\/predavanja&#8221; button_text=&#8221;KLIKNI ZA VE\u010c&#8221; _builder_version=&#8221;4.27.4&#8243; _module_preset=&#8221;default&#8221; custom_button=&#8221;on&#8221; button_text_size=&#8221;21px&#8221; button_text_color=&#8221;#FFFFFF&#8221; button_font=&#8221;Georgia||||||||&#8221; button_on_hover=&#8221;off&#8221; custom_margin=&#8221;161px||||false|false&#8221; button_text_shadow_style=&#8221;preset5&#8243; box_shadow_style=&#8221;preset6&#8243; box_shadow_horizontal=&#8221;2px&#8221; box_shadow_vertical=&#8221;48px&#8221; box_shadow_spread=&#8221;42px&#8221; box_shadow_color=&#8221;#a5a5a5&#8243; global_colors_info=&#8221;{}&#8221;][\/et_pb_button][\/et_pb_column][et_pb_column type=&#8221;1_4&#8243; _builder_version=&#8221;4.24.2&#8243; _module_preset=&#8221;default&#8221; global_colors_info=&#8221;{}&#8221;][et_pb_image src=&#8221;https:\/\/obujeniokusi.com\/wp-content\/uploads\/2025\/02\/20230509_170227-compressed-rotated.jpeg&#8221; title_text=&#8221;20230509_170227-compressed&#8221; url=&#8221;https:\/\/obujeniokusi.com\/demonstracije-kuhe\/&#8221; _builder_version=&#8221;4.27.4&#8243; _module_preset=&#8221;default&#8221; animation_style=&#8221;slide&#8221; hover_enabled=&#8221;0&#8243; global_colors_info=&#8221;{}&#8221; sticky_enabled=&#8221;0&#8243;][\/et_pb_image][et_pb_text _builder_version=&#8221;4.27.4&#8243; _module_preset=&#8221;_initial&#8221; header_font=&#8221;Georgia||||||||&#8221; header_line_height=&#8221;1.2em&#8221; header_4_font=&#8221;Josefin Sans|700|||||||&#8221; header_4_font_size=&#8221;24px&#8221; header_4_line_height=&#8221;1.4em&#8221; custom_margin=&#8221;-11px||0px||false|false&#8221; header_4_font_size_tablet=&#8221;16px&#8221; header_4_font_size_phone=&#8221;15px&#8221; header_4_font_size_last_edited=&#8221;on|desktop&#8221; global_colors_info=&#8221;{}&#8221;]<\/p>\n<h1 style=\"text-align: center;\">DEMONSTRATIONS AND PRESENTATIONS OF PAST CUISINES<\/h1>\n<p>[\/et_pb_text][et_pb_text _builder_version=&#8221;4.27.4&#8243; _module_preset=&#8221;_initial&#8221; text_font=&#8221;Georgia||||||||&#8221; text_line_height=&#8221;1.6em&#8221; transform_translate=&#8221;8px|-36px&#8221; custom_margin=&#8221;52px||||false|false&#8221; global_colors_info=&#8221;{}&#8221;]<\/p>\n<p style=\"text-align: center;\">We also do old-school cooking demos. We show off the food of the past at stands with food, recipes, and stuff like that.<\/p>\n<p>[\/et_pb_text][et_pb_button button_url=&#8221;https:\/\/obujeniokusi.com\/demonstracije-kuhe\/&#8221; button_text=&#8221;KLIKNI ZA VE\u010c&#8221; _builder_version=&#8221;4.27.4&#8243; _module_preset=&#8221;default&#8221; custom_button=&#8221;on&#8221; button_text_size=&#8221;21px&#8221; button_text_color=&#8221;#FFFFFF&#8221; button_font=&#8221;Georgia||||||||&#8221; button_on_hover=&#8221;off&#8221; hover_enabled=&#8221;0&#8243; button_text_shadow_style=&#8221;preset5&#8243; box_shadow_style=&#8221;preset6&#8243; box_shadow_horizontal=&#8221;2px&#8221; box_shadow_vertical=&#8221;48px&#8221; box_shadow_spread=&#8221;42px&#8221; box_shadow_color=&#8221;#a5a5a5&#8243; global_colors_info=&#8221;{}&#8221; sticky_enabled=&#8221;0&#8243;][\/et_pb_button][\/et_pb_column][\/et_pb_row][\/et_pb_section][et_pb_section fb_built=&#8221;1&#8243; _builder_version=&#8221;4.27.4&#8243; _module_preset=&#8221;default&#8221; background_color=&#8221;RGBA(255,255,255,0)&#8221; background_image=&#8221;https:\/\/obujeniokusi.com\/wp-content\/uploads\/2025\/02\/17851215011718896.jpg&#8221; background_position=&#8221;bottom_right&#8221; global_colors_info=&#8221;{}&#8221;][\/et_pb_section]<\/p>","protected":false},"excerpt":{"rendered":"<p>KULINARI\u010cNE DELAVNICEOrganiziramo kulinari\u010dne delavnice na temo razli\u010dnih zgodovinskih obdobij. Lahko za skupine ali kot individualno prijavo na delavnice, ki jih razpi\u0161emo.ZGODOVINSKE POGOSTITVE IN DEGUSTACIJEPripravljamo razli\u010dne cateringe, vezane na zgodovinska obdobja.ZANIMIVA PREDAVANJAPripravimo zanimiva predavanja. Primerno predvsem za \u0161ole, zavode in podjetja, ki bi \u017eelela obogatiti svoj program.DEMONSTRACIJE IN PREZENTACIJE PRETEKLIH KUHINJIzvajamo tudi prikaze kuhanja na star [&hellip;]<\/p>","protected":false},"author":3,"featured_media":0,"parent":0,"menu_order":0,"comment_status":"closed","ping_status":"closed","template":"","meta":{"_et_pb_use_builder":"on","_et_pb_old_content":"","_et_gb_content_width":"","footnotes":""},"class_list":["post-131","page","type-page","status-publish","hentry"],"yoast_head":"<!-- This site is optimized with the Yoast SEO plugin v26.2 - https:\/\/yoast.com\/wordpress\/plugins\/seo\/ -->\n<title>PONUDBA - Obujeni okusi<\/title>\n<meta name=\"robots\" content=\"index, follow, max-snippet:-1, max-image-preview:large, max-video-preview:-1\" \/>\n<link rel=\"canonical\" href=\"https:\/\/obujeniokusi.com\/en\/ponudba\/\" \/>\n<meta property=\"og:locale\" content=\"en_GB\" \/>\n<meta property=\"og:type\" content=\"article\" \/>\n<meta property=\"og:title\" content=\"PONUDBA - Obujeni okusi\" \/>\n<meta property=\"og:description\" content=\"KULINARI\u010cNE DELAVNICEOrganiziramo kulinari\u010dne delavnice na temo razli\u010dnih zgodovinskih obdobij. Lahko za skupine ali kot individualno prijavo na delavnice, ki jih razpi\u0161emo.ZGODOVINSKE POGOSTITVE IN DEGUSTACIJEPripravljamo razli\u010dne cateringe, vezane na zgodovinska obdobja.ZANIMIVA PREDAVANJAPripravimo zanimiva predavanja. Primerno predvsem za \u0161ole, zavode in podjetja, ki bi \u017eelela obogatiti svoj program.DEMONSTRACIJE IN PREZENTACIJE PRETEKLIH KUHINJIzvajamo tudi prikaze kuhanja na star [&hellip;]\" \/>\n<meta property=\"og:url\" content=\"https:\/\/obujeniokusi.com\/en\/ponudba\/\" \/>\n<meta property=\"og:site_name\" content=\"Obujeni okusi\" \/>\n<meta property=\"article:modified_time\" content=\"2025-09-28T15:20:45+00:00\" \/>\n<meta name=\"twitter:card\" content=\"summary_large_image\" \/>\n<script type=\"application\/ld+json\" class=\"yoast-schema-graph\">{\"@context\":\"https:\/\/schema.org\",\"@graph\":[{\"@type\":\"WebPage\",\"@id\":\"https:\/\/obujeniokusi.com\/ponudba\/\",\"url\":\"https:\/\/obujeniokusi.com\/ponudba\/\",\"name\":\"PONUDBA - Obujeni okusi\",\"isPartOf\":{\"@id\":\"https:\/\/obujeniokusi.com\/#website\"},\"datePublished\":\"2025-03-23T18:15:21+00:00\",\"dateModified\":\"2025-09-28T15:20:45+00:00\",\"breadcrumb\":{\"@id\":\"https:\/\/obujeniokusi.com\/ponudba\/#breadcrumb\"},\"inLanguage\":\"en-GB\",\"potentialAction\":[{\"@type\":\"ReadAction\",\"target\":[\"https:\/\/obujeniokusi.com\/ponudba\/\"]}]},{\"@type\":\"BreadcrumbList\",\"@id\":\"https:\/\/obujeniokusi.com\/ponudba\/#breadcrumb\",\"itemListElement\":[{\"@type\":\"ListItem\",\"position\":1,\"name\":\"Home\",\"item\":\"https:\/\/obujeniokusi.com\/\"},{\"@type\":\"ListItem\",\"position\":2,\"name\":\"PONUDBA\"}]},{\"@type\":\"WebSite\",\"@id\":\"https:\/\/obujeniokusi.com\/#website\",\"url\":\"https:\/\/obujeniokusi.com\/\",\"name\":\"Obujeni okusi\",\"description\":\"\",\"potentialAction\":[{\"@type\":\"SearchAction\",\"target\":{\"@type\":\"EntryPoint\",\"urlTemplate\":\"https:\/\/obujeniokusi.com\/?s={search_term_string}\"},\"query-input\":{\"@type\":\"PropertyValueSpecification\",\"valueRequired\":true,\"valueName\":\"search_term_string\"}}],\"inLanguage\":\"en-GB\"}]}<\/script>\n<!-- \/ Yoast SEO plugin. -->","yoast_head_json":{"title":"PONUDBA - Obujeni okusi","robots":{"index":"index","follow":"follow","max-snippet":"max-snippet:-1","max-image-preview":"max-image-preview:large","max-video-preview":"max-video-preview:-1"},"canonical":"https:\/\/obujeniokusi.com\/en\/ponudba\/","og_locale":"en_GB","og_type":"article","og_title":"PONUDBA - Obujeni okusi","og_description":"KULINARI\u010cNE DELAVNICEOrganiziramo kulinari\u010dne delavnice na temo razli\u010dnih zgodovinskih obdobij. Lahko za skupine ali kot individualno prijavo na delavnice, ki jih razpi\u0161emo.ZGODOVINSKE POGOSTITVE IN DEGUSTACIJEPripravljamo razli\u010dne cateringe, vezane na zgodovinska obdobja.ZANIMIVA PREDAVANJAPripravimo zanimiva predavanja. Primerno predvsem za \u0161ole, zavode in podjetja, ki bi \u017eelela obogatiti svoj program.DEMONSTRACIJE IN PREZENTACIJE PRETEKLIH KUHINJIzvajamo tudi prikaze kuhanja na star [&hellip;]","og_url":"https:\/\/obujeniokusi.com\/en\/ponudba\/","og_site_name":"Obujeni okusi","article_modified_time":"2025-09-28T15:20:45+00:00","twitter_card":"summary_large_image","schema":{"@context":"https:\/\/schema.org","@graph":[{"@type":"WebPage","@id":"https:\/\/obujeniokusi.com\/ponudba\/","url":"https:\/\/obujeniokusi.com\/ponudba\/","name":"PONUDBA - Obujeni okusi","isPartOf":{"@id":"https:\/\/obujeniokusi.com\/#website"},"datePublished":"2025-03-23T18:15:21+00:00","dateModified":"2025-09-28T15:20:45+00:00","breadcrumb":{"@id":"https:\/\/obujeniokusi.com\/ponudba\/#breadcrumb"},"inLanguage":"en-GB","potentialAction":[{"@type":"ReadAction","target":["https:\/\/obujeniokusi.com\/ponudba\/"]}]},{"@type":"BreadcrumbList","@id":"https:\/\/obujeniokusi.com\/ponudba\/#breadcrumb","itemListElement":[{"@type":"ListItem","position":1,"name":"Home","item":"https:\/\/obujeniokusi.com\/"},{"@type":"ListItem","position":2,"name":"PONUDBA"}]},{"@type":"WebSite","@id":"https:\/\/obujeniokusi.com\/#website","url":"https:\/\/obujeniokusi.com\/","name":"Obujeni okusi","description":"","potentialAction":[{"@type":"SearchAction","target":{"@type":"EntryPoint","urlTemplate":"https:\/\/obujeniokusi.com\/?s={search_term_string}"},"query-input":{"@type":"PropertyValueSpecification","valueRequired":true,"valueName":"search_term_string"}}],"inLanguage":"en-GB"}]}},"_links":{"self":[{"href":"https:\/\/obujeniokusi.com\/en\/wp-json\/wp\/v2\/pages\/131","targetHints":{"allow":["GET"]}}],"collection":[{"href":"https:\/\/obujeniokusi.com\/en\/wp-json\/wp\/v2\/pages"}],"about":[{"href":"https:\/\/obujeniokusi.com\/en\/wp-json\/wp\/v2\/types\/page"}],"author":[{"embeddable":true,"href":"https:\/\/obujeniokusi.com\/en\/wp-json\/wp\/v2\/users\/3"}],"replies":[{"embeddable":true,"href":"https:\/\/obujeniokusi.com\/en\/wp-json\/wp\/v2\/comments?post=131"}],"version-history":[{"count":34,"href":"https:\/\/obujeniokusi.com\/en\/wp-json\/wp\/v2\/pages\/131\/revisions"}],"predecessor-version":[{"id":1023,"href":"https:\/\/obujeniokusi.com\/en\/wp-json\/wp\/v2\/pages\/131\/revisions\/1023"}],"wp:attachment":[{"href":"https:\/\/obujeniokusi.com\/en\/wp-json\/wp\/v2\/media?parent=131"}],"curies":[{"name":"wp","href":"https:\/\/api.w.org\/{rel}","templated":true}]}}